{"id":7120,"date":"2020-01-29T21:01:42","date_gmt":"2020-01-29T21:01:42","guid":{"rendered":"https:\/\/old.pinimplant.com\/servicios\/corona-sobre-implante-copy\/"},"modified":"2020-01-29T21:01:42","modified_gmt":"2020-01-29T21:01:42","slug":"protesis-fija-sobre-implante","status":"publish","type":"page","link":"https:\/\/premiumimplantnetwork.com\/en\/servicios-2\/protesis-fija-sobre-implante\/","title":{"rendered":"Implant Supported Fixed Prothesis"},"content":{"rendered":"<div data-elementor-type=\"wp-page\" data-elementor-id=\"7120\" class=\"elementor elementor-7120\" data-elementor-post-type=\"page\">\n\t\t\t\t\t\t<section class=\"elementor-section elementor-top-section elementor-element elementor-element-2ebd8bba elementor-section-stretched elementor-hidden-phone elementor-section-boxed elementor-section-height-default elementor-section-height-default\" data-id=\"2ebd8bba\" data-element_type=\"section\" data-e-type=\"section\" data-settings=\"{&quot;stretch_section&quot;:&quot;section-stretched&quot;}\">\n\t\t\t\t\t\t<div class=\"elementor-container elementor-column-gap-default\">\n\t\t\t\t\t<div class=\"elementor-column elementor-col-100 elementor-top-column elementor-element elementor-element-12bfbe3b\" data-id=\"12bfbe3b\" data-element_type=\"column\" data-e-type=\"column\">\n\t\t\t<div class=\"elementor-widget-wrap elementor-element-populated\">\n\t\t\t\t\t\t<div class=\"elementor-element elementor-element-4a3cd73 elementor-widget elementor-widget-spacer\" data-id=\"4a3cd73\" data-element_type=\"widget\" data-e-type=\"widget\" data-widget_type=\"spacer.default\">\n\t\t\t\t<div class=\"elementor-widget-container\">\n\t\t\t\t\t\t\t<div class=\"elementor-spacer\">\n\t\t\t<div class=\"elementor-spacer-inner\"><\/div>\n\t\t<\/div>\n\t\t\t\t\t\t<\/div>\n\t\t\t\t<\/div>\n\t\t\t\t\t<\/div>\n\t\t<\/div>\n\t\t\t\t\t<\/div>\n\t\t<\/section>\n\t\t\t\t<section class=\"elementor-section elementor-top-section elementor-element elementor-element-268fa26f elementor-section-stretched elementor-section-boxed elementor-section-height-default elementor-section-height-default\" data-id=\"268fa26f\" data-element_type=\"section\" data-e-type=\"section\" data-settings=\"{&quot;stretch_section&quot;:&quot;section-stretched&quot;}\">\n\t\t\t\t\t\t<div class=\"elementor-container elementor-column-gap-default\">\n\t\t\t\t\t<div class=\"elementor-column elementor-col-50 elementor-top-column elementor-element elementor-element-c6c4134\" data-id=\"c6c4134\" data-element_type=\"column\" data-e-type=\"column\">\n\t\t\t<div class=\"elementor-widget-wrap elementor-element-populated\">\n\t\t\t\t\t\t<div class=\"elementor-element elementor-element-c3732f2 elementor-widget elementor-widget-image\" data-id=\"c3732f2\" data-element_type=\"widget\" data-e-type=\"widget\" data-widget_type=\"image.default\">\n\t\t\t\t<div class=\"elementor-widget-container\">\n\t\t\t\t\t\t\t\t\t\t\t\t\t\t\t<img decoding=\"async\" src=\"https:\/\/old.pinimplant.com\/wp-content\/uploads\/2020\/01\/Servicios-de-Implantologia-Premium-Implant-Network.jpg\" title=\"\" alt=\"\" loading=\"lazy\" \/>\t\t\t\t\t\t\t\t\t\t\t\t\t\t\t<\/div>\n\t\t\t\t<\/div>\n\t\t\t\t\t<\/div>\n\t\t<\/div>\n\t\t\t\t<div class=\"elementor-column elementor-col-50 elementor-top-column elementor-element elementor-element-603d070\" data-id=\"603d070\" data-element_type=\"column\" data-e-type=\"column\">\n\t\t\t<div class=\"elementor-widget-wrap elementor-element-populated\">\n\t\t\t\t\t\t<div class=\"elementor-element elementor-element-c039f25 elementor-widget elementor-widget-heading\" data-id=\"c039f25\" data-element_type=\"widget\" data-e-type=\"widget\" data-widget_type=\"heading.default\">\n\t\t\t\t<div class=\"elementor-widget-container\">\n\t\t\t\t\t<h1 class=\"elementor-heading-title elementor-size-large\">Implant Supported Fixed Prothesis<\/h1>\t\t\t\t<\/div>\n\t\t\t\t<\/div>\n\t\t\t\t<div class=\"elementor-element elementor-element-2f89751 elementor-widget elementor-widget-text-editor\" data-id=\"2f89751\" data-element_type=\"widget\" data-e-type=\"widget\" data-widget_type=\"text-editor.default\">\n\t\t\t\t<div class=\"elementor-widget-container\">\n\t\t\t\t\t\t\t\t\t<p>It is used when the patient has lost more than three teeth. This dental prosthesis is fixed to the maxilla through titanium or zirconium screws, which allows the replacement of all teeth, on a reduced number of dental implants that fulfills all the functions of natural teeth such as: chewing, speaking, laughing.<\/p><p><strong>Benefits of Fixed Prosthetics on implants:<\/strong><\/p><ul><li>You recover the functionality and aesthetics of your tooth as if it were natural.<\/li><li>You avoid bone loss in the maxilla.<\/li><li>Carving neighboring teeth is avoided<\/li><\/ul>\t\t\t\t\t\t\t\t<\/div>\n\t\t\t\t<\/div>\n\t\t\t\t<div class=\"elementor-element elementor-element-b8f0bae elementor-align-right elementor-tablet-align-center elementor-widget elementor-widget-button\" data-id=\"b8f0bae\" data-element_type=\"widget\" data-e-type=\"widget\" data-widget_type=\"button.default\">\n\t\t\t\t<div class=\"elementor-widget-container\">\n\t\t\t\t\t\t\t\t\t<div class=\"elementor-button-wrapper\">\n\t\t\t\t\t<a class=\"elementor-button elementor-button-link elementor-size-sm\" href=\"https:\/\/old.pinimplant.com\/contactanos\/\">\n\t\t\t\t\t\t<span class=\"elementor-button-content-wrapper\">\n\t\t\t\t\t\t\t\t\t<span class=\"elementor-button-text\">Get your quote!<\/span>\n\t\t\t\t\t<\/span>\n\t\t\t\t\t<\/a>\n\t\t\t\t<\/div>\n\t\t\t\t\t\t\t\t<\/div>\n\t\t\t\t<\/div>\n\t\t\t\t\t<\/div>\n\t\t<\/div>\n\t\t\t\t\t<\/div>\n\t\t<\/section>\n\t\t\t\t<section class=\"elementor-section elementor-top-section elementor-element elementor-element-7a25a5a8 elementor-section-stretched elementor-hidden-phone elementor-section-boxed elementor-section-height-default elementor-section-height-default\" data-id=\"7a25a5a8\" data-element_type=\"section\" data-e-type=\"section\" data-settings=\"{&quot;stretch_section&quot;:&quot;section-stretched&quot;}\">\n\t\t\t\t\t\t<div class=\"elementor-container elementor-column-gap-default\">\n\t\t\t\t\t<div class=\"elementor-column elementor-col-100 elementor-top-column elementor-element elementor-element-6de189d2\" data-id=\"6de189d2\" data-element_type=\"column\" data-e-type=\"column\">\n\t\t\t<div class=\"elementor-widget-wrap elementor-element-populated\">\n\t\t\t\t\t\t<div class=\"elementor-element elementor-element-d5c3a42 elementor-widget elementor-widget-spacer\" data-id=\"d5c3a42\" data-element_type=\"widget\" data-e-type=\"widget\" data-widget_type=\"spacer.default\">\n\t\t\t\t<div class=\"elementor-widget-container\">\n\t\t\t\t\t\t\t<div class=\"elementor-spacer\">\n\t\t\t<div class=\"elementor-spacer-inner\"><\/div>\n\t\t<\/div>\n\t\t\t\t\t\t<\/div>\n\t\t\t\t<\/div>\n\t\t\t\t\t<\/div>\n\t\t<\/div>\n\t\t\t\t\t<\/div>\n\t\t<\/section>\n\t\t\t\t<section class=\"elementor-section elementor-top-section elementor-element elementor-element-4fc5d5c elementor-section-stretched elementor-section-boxed elementor-section-height-default elementor-section-height-default\" data-id=\"4fc5d5c\" data-element_type=\"section\" data-e-type=\"section\" data-settings=\"{&quot;stretch_section&quot;:&quot;section-stretched&quot;,&quot;background_background&quot;:&quot;classic&quot;}\">\n\t\t\t\t\t\t<div class=\"elementor-container elementor-column-gap-default\">\n\t\t\t\t\t<div class=\"elementor-column elementor-col-100 elementor-top-column elementor-element elementor-element-54c7ef8\" data-id=\"54c7ef8\" data-element_type=\"column\" data-e-type=\"column\">\n\t\t\t<div class=\"elementor-widget-wrap elementor-element-populated\">\n\t\t\t\t\t\t<div class=\"elementor-element elementor-element-9f59686 elementor-widget elementor-widget-spacer\" data-id=\"9f59686\" data-element_type=\"widget\" data-e-type=\"widget\" data-widget_type=\"spacer.default\">\n\t\t\t\t<div class=\"elementor-widget-container\">\n\t\t\t\t\t\t\t<div class=\"elementor-spacer\">\n\t\t\t<div class=\"elementor-spacer-inner\"><\/div>\n\t\t<\/div>\n\t\t\t\t\t\t<\/div>\n\t\t\t\t<\/div>\n\t\t\t\t<div class=\"elementor-element elementor-element-78f013f elementor-hidden-phone elementor-widget elementor-widget-spacer\" data-id=\"78f013f\" data-element_type=\"widget\" data-e-type=\"widget\" data-widget_type=\"spacer.default\">\n\t\t\t\t<div class=\"elementor-widget-container\">\n\t\t\t\t\t\t\t<div class=\"elementor-spacer\">\n\t\t\t<div class=\"elementor-spacer-inner\"><\/div>\n\t\t<\/div>\n\t\t\t\t\t\t<\/div>\n\t\t\t\t<\/div>\n\t\t\t\t<div class=\"elementor-element elementor-element-a3f32d8 elementor-hidden-phone elementor-widget elementor-widget-spacer\" data-id=\"a3f32d8\" data-element_type=\"widget\" data-e-type=\"widget\" data-widget_type=\"spacer.default\">\n\t\t\t\t<div class=\"elementor-widget-container\">\n\t\t\t\t\t\t\t<div class=\"elementor-spacer\">\n\t\t\t<div class=\"elementor-spacer-inner\"><\/div>\n\t\t<\/div>\n\t\t\t\t\t\t<\/div>\n\t\t\t\t<\/div>\n\t\t\t\t\t<\/div>\n\t\t<\/div>\n\t\t\t\t\t<\/div>\n\t\t<\/section>\n\t\t\t\t<section class=\"elementor-section elementor-top-section elementor-element elementor-element-0941b6e elementor-section-stretched elementor-section-boxed elementor-section-height-default elementor-section-height-default\" data-id=\"0941b6e\" data-element_type=\"section\" data-e-type=\"section\" data-settings=\"{&quot;background_background&quot;:&quot;classic&quot;,&quot;stretch_section&quot;:&quot;section-stretched&quot;}\">\n\t\t\t\t\t\t<div class=\"elementor-container elementor-column-gap-default\">\n\t\t\t\t\t<div class=\"elementor-column elementor-col-100 elementor-top-column elementor-element elementor-element-d47d36f\" data-id=\"d47d36f\" data-element_type=\"column\" data-e-type=\"column\">\n\t\t\t<div class=\"elementor-widget-wrap elementor-element-populated\">\n\t\t\t\t\t\t<div class=\"elementor-element elementor-element-4323755 elementor-widget elementor-widget-text-editor\" data-id=\"4323755\" data-element_type=\"widget\" data-e-type=\"widget\" data-widget_type=\"text-editor.default\">\n\t\t\t\t<div class=\"elementor-widget-container\">\n\t\t\t\t\t\t\t\t\t<p>We are\u00a0<b>Premium Implant Network<\/b>, a network of professionals with more than\u00a0<b>25 years of experience<\/b>we work with the best implantologists in Bogota and all the cities of Colombia.<\/p><p>We offer our clients the following services in Implantology:\u00a0<b>Crown on implants, Fixed prosthesis on implant, Hybrid prostheses, Overdenture, CAD-CAM technology, All on 4, Dental Aesthetics, Geriatric Dentistry, Patients with Systemic Complications.<\/b><\/p>\t\t\t\t\t\t\t\t<\/div>\n\t\t\t\t<\/div>\n\t\t\t\t<div class=\"elementor-element elementor-element-ed394f1 elementor-align-center elementor-widget elementor-widget-button\" data-id=\"ed394f1\" data-element_type=\"widget\" data-e-type=\"widget\" data-widget_type=\"button.default\">\n\t\t\t\t<div class=\"elementor-widget-container\">\n\t\t\t\t\t\t\t\t\t<div class=\"elementor-button-wrapper\">\n\t\t\t\t\t<a class=\"elementor-button elementor-button-link elementor-size-sm\" href=\"https:\/\/old.pinimplant.com\/contactanos\/\">\n\t\t\t\t\t\t<span class=\"elementor-button-content-wrapper\">\n\t\t\t\t\t\t\t\t\t<span class=\"elementor-button-text\">Contact us<\/span>\n\t\t\t\t\t<\/span>\n\t\t\t\t\t<\/a>\n\t\t\t\t<\/div>\n\t\t\t\t\t\t\t\t<\/div>\n\t\t\t\t<\/div>\n\t\t\t\t\t<\/div>\n\t\t<\/div>\n\t\t\t\t\t<\/div>\n\t\t<\/section>\n\t\t\t\t<\/div>","protected":false},"excerpt":{"rendered":"<p>Pr\u00f3tesis Fija sobre Implante Se usa cuando el paciente ha perdido m\u00e1s de tres dientes. Esta pr\u00f3tesis dental se fija al maxilar a trav\u00e9s de tornillos de titanio o zirconio, lo cual permite sustituir todos los dientes, sobre un n\u00famero reducido de implantes dentales que cumple con todas las funciones de los dientes naturales como: [&hellip;]<\/p>\n","protected":false},"author":2,"featured_media":0,"parent":6392,"menu_order":5,"comment_status":"closed","ping_status":"closed","template":"","meta":{"footnotes":""},"class_list":["post-7120","page","type-page","status-publish","hentry"],"yoast_head":"<!-- This site is optimized with the Yoast SEO plugin v27.5 - https:\/\/yoast.com\/product\/yoast-seo-wordpress\/ -->\n<title>Pr\u00f3tesis Fija sobre Implante - premiumimplantnetwork Implantes Dentales<\/title>\n<meta name=\"description\" content=\"Esta pr\u00f3tesis dental se fija al maxilar a trav\u00e9s de tornillos de titanio o zirconio, lo cual permite sustituir todos los dientes.\" \/>\n<meta name=\"robots\" content=\"index, follow, max-snippet:-1, max-image-preview:large, max-video-preview:-1\" \/>\n<link rel=\"canonical\" href=\"https:\/\/premiumimplantnetwork.com\/en\/servicios-2\/protesis-fija-sobre-implante\/\" \/>\n<meta property=\"og:locale\" content=\"en_US\" \/>\n<meta property=\"og:type\" content=\"article\" \/>\n<meta property=\"og:title\" content=\"Pr\u00f3tesis Fija sobre Implante - premiumimplantnetwork Implantes Dentales\" \/>\n<meta property=\"og:description\" content=\"Esta pr\u00f3tesis dental se fija al maxilar a trav\u00e9s de tornillos de titanio o zirconio, lo cual permite sustituir todos los dientes.\" \/>\n<meta property=\"og:url\" content=\"https:\/\/premiumimplantnetwork.com\/en\/servicios-2\/protesis-fija-sobre-implante\/\" \/>\n<meta property=\"og:site_name\" content=\"premiumimplantnetwork Implantes Dentales\" \/>\n<meta property=\"article:publisher\" content=\"https:\/\/www.facebook.com\/PremiumImplantNetwork\/\" \/>\n<meta property=\"og:image\" content=\"https:\/\/old.pinimplant.com\/wp-content\/uploads\/2020\/01\/Servicios-de-Implantologia-Premium-Implant-Network.jpg\" \/>\n<meta name=\"twitter:card\" content=\"summary_large_image\" \/>\n<meta name=\"twitter:label1\" content=\"Est. reading time\" \/>\n\t<meta name=\"twitter:data1\" content=\"2 minutes\" \/>\n<script type=\"application\/ld+json\" class=\"yoast-schema-graph\">{\"@context\":\"https:\\\/\\\/schema.org\",\"@graph\":[{\"@type\":\"WebPage\",\"@id\":\"https:\\\/\\\/premiumimplantnetwork.com\\\/servicios-2\\\/protesis-fija-sobre-implante\\\/\",\"url\":\"https:\\\/\\\/premiumimplantnetwork.com\\\/servicios-2\\\/protesis-fija-sobre-implante\\\/\",\"name\":\"Pr\u00f3tesis Fija sobre Implante - premiumimplantnetwork Implantes Dentales\",\"isPartOf\":{\"@id\":\"https:\\\/\\\/premiumimplantnetwork.com\\\/#website\"},\"primaryImageOfPage\":{\"@id\":\"https:\\\/\\\/premiumimplantnetwork.com\\\/servicios-2\\\/protesis-fija-sobre-implante\\\/#primaryimage\"},\"image\":{\"@id\":\"https:\\\/\\\/premiumimplantnetwork.com\\\/servicios-2\\\/protesis-fija-sobre-implante\\\/#primaryimage\"},\"thumbnailUrl\":\"https:\\\/\\\/old.pinimplant.com\\\/wp-content\\\/uploads\\\/2020\\\/01\\\/Servicios-de-Implantologia-Premium-Implant-Network.jpg\",\"datePublished\":\"2020-01-29T21:01:42+00:00\",\"description\":\"Esta pr\u00f3tesis dental se fija al maxilar a trav\u00e9s de tornillos de titanio o zirconio, lo cual permite sustituir todos los dientes.\",\"breadcrumb\":{\"@id\":\"https:\\\/\\\/premiumimplantnetwork.com\\\/servicios-2\\\/protesis-fija-sobre-implante\\\/#breadcrumb\"},\"inLanguage\":\"en-US\",\"potentialAction\":[{\"@type\":\"ReadAction\",\"target\":[\"https:\\\/\\\/premiumimplantnetwork.com\\\/servicios-2\\\/protesis-fija-sobre-implante\\\/\"]}]},{\"@type\":\"ImageObject\",\"inLanguage\":\"en-US\",\"@id\":\"https:\\\/\\\/premiumimplantnetwork.com\\\/servicios-2\\\/protesis-fija-sobre-implante\\\/#primaryimage\",\"url\":\"https:\\\/\\\/old.pinimplant.com\\\/wp-content\\\/uploads\\\/2020\\\/01\\\/Servicios-de-Implantologia-Premium-Implant-Network.jpg\",\"contentUrl\":\"https:\\\/\\\/old.pinimplant.com\\\/wp-content\\\/uploads\\\/2020\\\/01\\\/Servicios-de-Implantologia-Premium-Implant-Network.jpg\"},{\"@type\":\"BreadcrumbList\",\"@id\":\"https:\\\/\\\/premiumimplantnetwork.com\\\/servicios-2\\\/protesis-fija-sobre-implante\\\/#breadcrumb\",\"itemListElement\":[{\"@type\":\"ListItem\",\"position\":1,\"name\":\"Portada\",\"item\":\"https:\\\/\\\/premiumimplantnetwork.com\\\/\"},{\"@type\":\"ListItem\",\"position\":2,\"name\":\"Servicios\",\"item\":\"https:\\\/\\\/premiumimplantnetwork.com\\\/servicios-2\\\/\"},{\"@type\":\"ListItem\",\"position\":3,\"name\":\"Pr\u00f3tesis Fija sobre Implante\"}]},{\"@type\":\"WebSite\",\"@id\":\"https:\\\/\\\/premiumimplantnetwork.com\\\/#website\",\"url\":\"https:\\\/\\\/premiumimplantnetwork.com\\\/\",\"name\":\"premiumimplantnetwork Implantes Dentales\",\"description\":\"Somos Premium Implant Network - PIN, una red de expertos en implantes dentales en Bogot\u00e1, y otras ciudades de Colombia.\",\"publisher\":{\"@id\":\"https:\\\/\\\/premiumimplantnetwork.com\\\/#organization\"},\"potentialAction\":[{\"@type\":\"SearchAction\",\"target\":{\"@type\":\"EntryPoint\",\"urlTemplate\":\"https:\\\/\\\/premiumimplantnetwork.com\\\/?s={search_term_string}\"},\"query-input\":{\"@type\":\"PropertyValueSpecification\",\"valueRequired\":true,\"valueName\":\"search_term_string\"}}],\"inLanguage\":\"en-US\"},{\"@type\":\"Organization\",\"@id\":\"https:\\\/\\\/premiumimplantnetwork.com\\\/#organization\",\"name\":\"premiumimplantnetwork Implantes Dentales\",\"url\":\"https:\\\/\\\/premiumimplantnetwork.com\\\/\",\"logo\":{\"@type\":\"ImageObject\",\"inLanguage\":\"en-US\",\"@id\":\"https:\\\/\\\/premiumimplantnetwork.com\\\/#\\\/schema\\\/logo\\\/image\\\/\",\"url\":\"https:\\\/\\\/premiumimplantnetwork.com\\\/wp-content\\\/uploads\\\/cropped-Logo-premium-implant-network.jpg\",\"contentUrl\":\"https:\\\/\\\/premiumimplantnetwork.com\\\/wp-content\\\/uploads\\\/cropped-Logo-premium-implant-network.jpg\",\"width\":186,\"height\":86,\"caption\":\"premiumimplantnetwork Implantes Dentales\"},\"image\":{\"@id\":\"https:\\\/\\\/premiumimplantnetwork.com\\\/#\\\/schema\\\/logo\\\/image\\\/\"},\"sameAs\":[\"https:\\\/\\\/www.facebook.com\\\/PremiumImplantNetwork\\\/\"]}]}<\/script>\n<!-- \/ Yoast SEO plugin. -->","yoast_head_json":{"title":"Pr\u00f3tesis Fija sobre Implante - premiumimplantnetwork Implantes Dentales","description":"Esta pr\u00f3tesis dental se fija al maxilar a trav\u00e9s de tornillos de titanio o zirconio, lo cual permite sustituir todos los dientes.","robots":{"index":"index","follow":"follow","max-snippet":"max-snippet:-1","max-image-preview":"max-image-preview:large","max-video-preview":"max-video-preview:-1"},"canonical":"https:\/\/premiumimplantnetwork.com\/en\/servicios-2\/protesis-fija-sobre-implante\/","og_locale":"en_US","og_type":"article","og_title":"Pr\u00f3tesis Fija sobre Implante - premiumimplantnetwork Implantes Dentales","og_description":"Esta pr\u00f3tesis dental se fija al maxilar a trav\u00e9s de tornillos de titanio o zirconio, lo cual permite sustituir todos los dientes.","og_url":"https:\/\/premiumimplantnetwork.com\/en\/servicios-2\/protesis-fija-sobre-implante\/","og_site_name":"premiumimplantnetwork Implantes Dentales","article_publisher":"https:\/\/www.facebook.com\/PremiumImplantNetwork\/","og_image":[{"url":"https:\/\/old.pinimplant.com\/wp-content\/uploads\/2020\/01\/Servicios-de-Implantologia-Premium-Implant-Network.jpg","type":"","width":"","height":""}],"twitter_card":"summary_large_image","twitter_misc":{"Est. reading time":"2 minutes"},"schema":{"@context":"https:\/\/schema.org","@graph":[{"@type":"WebPage","@id":"https:\/\/premiumimplantnetwork.com\/servicios-2\/protesis-fija-sobre-implante\/","url":"https:\/\/premiumimplantnetwork.com\/servicios-2\/protesis-fija-sobre-implante\/","name":"Pr\u00f3tesis Fija sobre Implante - premiumimplantnetwork Implantes Dentales","isPartOf":{"@id":"https:\/\/premiumimplantnetwork.com\/#website"},"primaryImageOfPage":{"@id":"https:\/\/premiumimplantnetwork.com\/servicios-2\/protesis-fija-sobre-implante\/#primaryimage"},"image":{"@id":"https:\/\/premiumimplantnetwork.com\/servicios-2\/protesis-fija-sobre-implante\/#primaryimage"},"thumbnailUrl":"https:\/\/old.pinimplant.com\/wp-content\/uploads\/2020\/01\/Servicios-de-Implantologia-Premium-Implant-Network.jpg","datePublished":"2020-01-29T21:01:42+00:00","description":"Esta pr\u00f3tesis dental se fija al maxilar a trav\u00e9s de tornillos de titanio o zirconio, lo cual permite sustituir todos los dientes.","breadcrumb":{"@id":"https:\/\/premiumimplantnetwork.com\/servicios-2\/protesis-fija-sobre-implante\/#breadcrumb"},"inLanguage":"en-US","potentialAction":[{"@type":"ReadAction","target":["https:\/\/premiumimplantnetwork.com\/servicios-2\/protesis-fija-sobre-implante\/"]}]},{"@type":"ImageObject","inLanguage":"en-US","@id":"https:\/\/premiumimplantnetwork.com\/servicios-2\/protesis-fija-sobre-implante\/#primaryimage","url":"https:\/\/old.pinimplant.com\/wp-content\/uploads\/2020\/01\/Servicios-de-Implantologia-Premium-Implant-Network.jpg","contentUrl":"https:\/\/old.pinimplant.com\/wp-content\/uploads\/2020\/01\/Servicios-de-Implantologia-Premium-Implant-Network.jpg"},{"@type":"BreadcrumbList","@id":"https:\/\/premiumimplantnetwork.com\/servicios-2\/protesis-fija-sobre-implante\/#breadcrumb","itemListElement":[{"@type":"ListItem","position":1,"name":"Portada","item":"https:\/\/premiumimplantnetwork.com\/"},{"@type":"ListItem","position":2,"name":"Servicios","item":"https:\/\/premiumimplantnetwork.com\/servicios-2\/"},{"@type":"ListItem","position":3,"name":"Pr\u00f3tesis Fija sobre Implante"}]},{"@type":"WebSite","@id":"https:\/\/premiumimplantnetwork.com\/#website","url":"https:\/\/premiumimplantnetwork.com\/","name":"premiumimplantnetwork Dental Implants","description":"We are Premium Implant Network - PIN, a network of experts in dental implants in Bogot\u00e1, and other cities in Colombia.","publisher":{"@id":"https:\/\/premiumimplantnetwork.com\/#organization"},"potentialAction":[{"@type":"SearchAction","target":{"@type":"EntryPoint","urlTemplate":"https:\/\/premiumimplantnetwork.com\/?s={search_term_string}"},"query-input":{"@type":"PropertyValueSpecification","valueRequired":true,"valueName":"search_term_string"}}],"inLanguage":"en-US"},{"@type":"Organization","@id":"https:\/\/premiumimplantnetwork.com\/#organization","name":"premiumimplantnetwork Dental Implants","url":"https:\/\/premiumimplantnetwork.com\/","logo":{"@type":"ImageObject","inLanguage":"en-US","@id":"https:\/\/premiumimplantnetwork.com\/#\/schema\/logo\/image\/","url":"https:\/\/premiumimplantnetwork.com\/wp-content\/uploads\/cropped-Logo-premium-implant-network.jpg","contentUrl":"https:\/\/premiumimplantnetwork.com\/wp-content\/uploads\/cropped-Logo-premium-implant-network.jpg","width":186,"height":86,"caption":"premiumimplantnetwork Implantes Dentales"},"image":{"@id":"https:\/\/premiumimplantnetwork.com\/#\/schema\/logo\/image\/"},"sameAs":["https:\/\/www.facebook.com\/PremiumImplantNetwork\/"]}]}},"_links":{"self":[{"href":"https:\/\/premiumimplantnetwork.com\/en\/wp-json\/wp\/v2\/pages\/7120","targetHints":{"allow":["GET"]}}],"collection":[{"href":"https:\/\/premiumimplantnetwork.com\/en\/wp-json\/wp\/v2\/pages"}],"about":[{"href":"https:\/\/premiumimplantnetwork.com\/en\/wp-json\/wp\/v2\/types\/page"}],"author":[{"embeddable":true,"href":"https:\/\/premiumimplantnetwork.com\/en\/wp-json\/wp\/v2\/users\/2"}],"replies":[{"embeddable":true,"href":"https:\/\/premiumimplantnetwork.com\/en\/wp-json\/wp\/v2\/comments?post=7120"}],"version-history":[{"count":0,"href":"https:\/\/premiumimplantnetwork.com\/en\/wp-json\/wp\/v2\/pages\/7120\/revisions"}],"up":[{"embeddable":true,"href":"https:\/\/premiumimplantnetwork.com\/en\/wp-json\/wp\/v2\/pages\/6392"}],"wp:attachment":[{"href":"https:\/\/premiumimplantnetwork.com\/en\/wp-json\/wp\/v2\/media?parent=7120"}],"curies":[{"name":"wp","href":"https:\/\/api.w.org\/{rel}","templated":true}]}}