{"id":7151,"date":"2020-01-29T21:39:07","date_gmt":"2020-01-29T21:39:07","guid":{"rendered":"https:\/\/old.pinimplant.com\/servicios\/sobredentadura-copy\/"},"modified":"2020-01-29T21:39:07","modified_gmt":"2020-01-29T21:39:07","slug":"cad-cam","status":"publish","type":"page","link":"https:\/\/premiumimplantnetwork.com\/en\/servicios-2\/cad-cam\/","title":{"rendered":"CAD &#8211; CAM"},"content":{"rendered":"<div data-elementor-type=\"wp-page\" data-elementor-id=\"7151\" class=\"elementor elementor-7151\" data-elementor-post-type=\"page\">\n\t\t\t\t\t\t<section class=\"elementor-section elementor-top-section elementor-element elementor-element-2ebd8bba elementor-section-stretched elementor-hidden-phone elementor-section-boxed elementor-section-height-default elementor-section-height-default\" data-id=\"2ebd8bba\" data-element_type=\"section\" data-e-type=\"section\" data-settings=\"{&quot;stretch_section&quot;:&quot;section-stretched&quot;}\">\n\t\t\t\t\t\t<div class=\"elementor-container elementor-column-gap-default\">\n\t\t\t\t\t<div class=\"elementor-column elementor-col-100 elementor-top-column elementor-element elementor-element-12bfbe3b\" data-id=\"12bfbe3b\" data-element_type=\"column\" data-e-type=\"column\">\n\t\t\t<div class=\"elementor-widget-wrap elementor-element-populated\">\n\t\t\t\t\t\t<div class=\"elementor-element elementor-element-4a3cd73 elementor-widget elementor-widget-spacer\" data-id=\"4a3cd73\" data-element_type=\"widget\" data-e-type=\"widget\" data-widget_type=\"spacer.default\">\n\t\t\t\t<div class=\"elementor-widget-container\">\n\t\t\t\t\t\t\t<div class=\"elementor-spacer\">\n\t\t\t<div class=\"elementor-spacer-inner\"><\/div>\n\t\t<\/div>\n\t\t\t\t\t\t<\/div>\n\t\t\t\t<\/div>\n\t\t\t\t\t<\/div>\n\t\t<\/div>\n\t\t\t\t\t<\/div>\n\t\t<\/section>\n\t\t\t\t<section class=\"elementor-section elementor-top-section elementor-element elementor-element-268fa26f elementor-section-stretched elementor-section-boxed elementor-section-height-default elementor-section-height-default\" data-id=\"268fa26f\" data-element_type=\"section\" data-e-type=\"section\" data-settings=\"{&quot;stretch_section&quot;:&quot;section-stretched&quot;}\">\n\t\t\t\t\t\t<div class=\"elementor-container elementor-column-gap-default\">\n\t\t\t\t\t<div class=\"elementor-column elementor-col-50 elementor-top-column elementor-element elementor-element-c6c4134\" data-id=\"c6c4134\" data-element_type=\"column\" data-e-type=\"column\">\n\t\t\t<div class=\"elementor-widget-wrap elementor-element-populated\">\n\t\t\t\t\t\t<div class=\"elementor-element elementor-element-3b6a0a8 elementor-arrows-position-inside elementor-pagination-position-outside elementor-widget elementor-widget-image-carousel\" data-id=\"3b6a0a8\" data-element_type=\"widget\" data-e-type=\"widget\" data-settings=\"{&quot;slides_to_show&quot;:&quot;1&quot;,&quot;navigation&quot;:&quot;both&quot;,&quot;autoplay&quot;:&quot;yes&quot;,&quot;pause_on_hover&quot;:&quot;yes&quot;,&quot;pause_on_interaction&quot;:&quot;yes&quot;,&quot;autoplay_speed&quot;:5000,&quot;infinite&quot;:&quot;yes&quot;,&quot;effect&quot;:&quot;slide&quot;,&quot;speed&quot;:500}\" data-widget_type=\"image-carousel.default\">\n\t\t\t\t<div class=\"elementor-widget-container\">\n\t\t\t\t\t\t\t<div class=\"elementor-image-carousel-wrapper swiper\" role=\"region\" aria-roledescription=\"carousel\" aria-label=\"Image Carousel\" dir=\"ltr\" data-no-translation-aria-label=\"\">\n\t\t\t<div class=\"elementor-image-carousel swiper-wrapper\" aria-live=\"off\">\n\t\t\t\t\t\t\t\t<div class=\"swiper-slide\" role=\"group\" aria-roledescription=\"slide\" aria-label=\"1 of 3\" data-no-translation-aria-label=\"\"><figure class=\"swiper-slide-inner\"><img decoding=\"async\" class=\"swiper-slide-image\" src=\"https:\/\/old.pinimplant.com\/wp-content\/uploads\/2020\/01\/Cad-Cam-1.png\" alt=\"\" \/><\/figure><\/div><div class=\"swiper-slide\" role=\"group\" aria-roledescription=\"slide\" aria-label=\"2 of 3\" data-no-translation-aria-label=\"\"><figure class=\"swiper-slide-inner\"><img decoding=\"async\" class=\"swiper-slide-image\" src=\"https:\/\/old.pinimplant.com\/wp-content\/uploads\/2020\/01\/Cad-Cam-2.png\" alt=\"\" \/><\/figure><\/div><div class=\"swiper-slide\" role=\"group\" aria-roledescription=\"slide\" aria-label=\"3 of 3\" data-no-translation-aria-label=\"\"><figure class=\"swiper-slide-inner\"><img decoding=\"async\" class=\"swiper-slide-image\" src=\"https:\/\/old.pinimplant.com\/wp-content\/uploads\/2020\/01\/Cad-Cam-3.png\" alt=\"\" \/><\/figure><\/div>\t\t\t<\/div>\n\t\t\t\t\t\t\t\t\t\t\t\t<div class=\"elementor-swiper-button elementor-swiper-button-prev\" role=\"button\" tabindex=\"0\">\n\t\t\t\t\t\t<i aria-hidden=\"true\" class=\"eicon-chevron-left\"><\/i>\t\t\t\t\t<\/div>\n\t\t\t\t\t<div class=\"elementor-swiper-button elementor-swiper-button-next\" role=\"button\" tabindex=\"0\">\n\t\t\t\t\t\t<i aria-hidden=\"true\" class=\"eicon-chevron-right\"><\/i>\t\t\t\t\t<\/div>\n\t\t\t\t\n\t\t\t\t\t\t\t\t\t<div class=\"swiper-pagination\"><\/div>\n\t\t\t\t\t\t\t\t\t<\/div>\n\t\t\t\t\t\t<\/div>\n\t\t\t\t<\/div>\n\t\t\t\t\t<\/div>\n\t\t<\/div>\n\t\t\t\t<div class=\"elementor-column elementor-col-50 elementor-top-column elementor-element elementor-element-603d070\" data-id=\"603d070\" data-element_type=\"column\" data-e-type=\"column\">\n\t\t\t<div class=\"elementor-widget-wrap elementor-element-populated\">\n\t\t\t\t\t\t<div class=\"elementor-element elementor-element-c039f25 elementor-widget elementor-widget-heading\" data-id=\"c039f25\" data-element_type=\"widget\" data-e-type=\"widget\" data-widget_type=\"heading.default\">\n\t\t\t\t<div class=\"elementor-widget-container\">\n\t\t\t\t\t<h1 class=\"elementor-heading-title elementor-size-large\">CAD-CAM technology<\/h1>\t\t\t\t<\/div>\n\t\t\t\t<\/div>\n\t\t\t\t<div class=\"elementor-element elementor-element-2f89751 elementor-widget elementor-widget-text-editor\" data-id=\"2f89751\" data-element_type=\"widget\" data-e-type=\"widget\" data-widget_type=\"text-editor.default\">\n\t\t\t\t<div class=\"elementor-widget-container\">\n\t\t\t\t\t\t\t\t\t<p>The <strong>CAD-CAM<\/strong> is an innovative technological system that allows a real image of the patient\u2019s mouth to be obtained through a scanner. From this image a 3D modeling is carried out that allows the design and subsequent elaboration of the highest quality dental prosthesis.<\/p>\n<p><strong>The main advantage<\/strong> of CAD \/ CAM technology is that it reduces the margin of human error since the result has been <strong>studied, designed and manufactured to the millimeter; another advantage is the reduction of production time to do work in hours and recover from the Better shape your smile.<\/strong><\/p>\n<ul>\n<li>Computer-Aided Design (CAD): Computer-aided Design (DAC).<\/li>\n<li>&nbsp;Computer-Aided Manufacturing (CAM): Computer-aided Manufacturing (FAC).<br>CAD \/ CAM SYSTEMS.<\/li>\n<\/ul>\t\t\t\t\t\t\t\t<\/div>\n\t\t\t\t<\/div>\n\t\t\t\t<div class=\"elementor-element elementor-element-73b720b elementor-align-right elementor-tablet-align-center elementor-widget elementor-widget-button\" data-id=\"73b720b\" data-element_type=\"widget\" data-e-type=\"widget\" data-widget_type=\"button.default\">\n\t\t\t\t<div class=\"elementor-widget-container\">\n\t\t\t\t\t\t\t\t\t<div class=\"elementor-button-wrapper\">\n\t\t\t\t\t<a class=\"elementor-button elementor-button-link elementor-size-sm\" href=\"https:\/\/old.pinimplant.com\/contactanos\/\">\n\t\t\t\t\t\t<span class=\"elementor-button-content-wrapper\">\n\t\t\t\t\t\t\t\t\t<span class=\"elementor-button-text\">Get your quote!<\/span>\n\t\t\t\t\t<\/span>\n\t\t\t\t\t<\/a>\n\t\t\t\t<\/div>\n\t\t\t\t\t\t\t\t<\/div>\n\t\t\t\t<\/div>\n\t\t\t\t\t<\/div>\n\t\t<\/div>\n\t\t\t\t\t<\/div>\n\t\t<\/section>\n\t\t\t\t<section class=\"elementor-section elementor-top-section elementor-element elementor-element-7a25a5a8 elementor-section-stretched elementor-section-boxed elementor-section-height-default elementor-section-height-default\" data-id=\"7a25a5a8\" data-element_type=\"section\" data-e-type=\"section\" data-settings=\"{&quot;stretch_section&quot;:&quot;section-stretched&quot;}\">\n\t\t\t\t\t\t<div class=\"elementor-container elementor-column-gap-default\">\n\t\t\t\t\t<div class=\"elementor-column elementor-col-100 elementor-top-column elementor-element elementor-element-6de189d2\" data-id=\"6de189d2\" data-element_type=\"column\" data-e-type=\"column\">\n\t\t\t<div class=\"elementor-widget-wrap elementor-element-populated\">\n\t\t\t\t\t\t<div class=\"elementor-element elementor-element-d5c3a42 elementor-hidden-phone elementor-widget elementor-widget-spacer\" data-id=\"d5c3a42\" data-element_type=\"widget\" data-e-type=\"widget\" data-widget_type=\"spacer.default\">\n\t\t\t\t<div class=\"elementor-widget-container\">\n\t\t\t\t\t\t\t<div class=\"elementor-spacer\">\n\t\t\t<div class=\"elementor-spacer-inner\"><\/div>\n\t\t<\/div>\n\t\t\t\t\t\t<\/div>\n\t\t\t\t<\/div>\n\t\t\t\t\t<\/div>\n\t\t<\/div>\n\t\t\t\t\t<\/div>\n\t\t<\/section>\n\t\t\t\t<section class=\"elementor-section elementor-top-section elementor-element elementor-element-92b21eb elementor-section-stretched elementor-section-boxed elementor-section-height-default elementor-section-height-default\" data-id=\"92b21eb\" data-element_type=\"section\" data-e-type=\"section\" data-settings=\"{&quot;stretch_section&quot;:&quot;section-stretched&quot;,&quot;background_background&quot;:&quot;classic&quot;}\">\n\t\t\t\t\t\t<div class=\"elementor-container elementor-column-gap-default\">\n\t\t\t\t\t<div class=\"elementor-column elementor-col-100 elementor-top-column elementor-element elementor-element-a9496ad\" data-id=\"a9496ad\" data-element_type=\"column\" data-e-type=\"column\">\n\t\t\t<div class=\"elementor-widget-wrap elementor-element-populated\">\n\t\t\t\t\t\t<div class=\"elementor-element elementor-element-b60e2db elementor-widget elementor-widget-spacer\" data-id=\"b60e2db\" data-element_type=\"widget\" data-e-type=\"widget\" data-widget_type=\"spacer.default\">\n\t\t\t\t<div class=\"elementor-widget-container\">\n\t\t\t\t\t\t\t<div class=\"elementor-spacer\">\n\t\t\t<div class=\"elementor-spacer-inner\"><\/div>\n\t\t<\/div>\n\t\t\t\t\t\t<\/div>\n\t\t\t\t<\/div>\n\t\t\t\t<div class=\"elementor-element elementor-element-0449a59 elementor-hidden-phone elementor-widget elementor-widget-spacer\" data-id=\"0449a59\" data-element_type=\"widget\" data-e-type=\"widget\" data-widget_type=\"spacer.default\">\n\t\t\t\t<div class=\"elementor-widget-container\">\n\t\t\t\t\t\t\t<div class=\"elementor-spacer\">\n\t\t\t<div class=\"elementor-spacer-inner\"><\/div>\n\t\t<\/div>\n\t\t\t\t\t\t<\/div>\n\t\t\t\t<\/div>\n\t\t\t\t<div class=\"elementor-element elementor-element-513cba5 elementor-hidden-phone elementor-widget elementor-widget-spacer\" data-id=\"513cba5\" data-element_type=\"widget\" data-e-type=\"widget\" data-widget_type=\"spacer.default\">\n\t\t\t\t<div class=\"elementor-widget-container\">\n\t\t\t\t\t\t\t<div class=\"elementor-spacer\">\n\t\t\t<div class=\"elementor-spacer-inner\"><\/div>\n\t\t<\/div>\n\t\t\t\t\t\t<\/div>\n\t\t\t\t<\/div>\n\t\t\t\t\t<\/div>\n\t\t<\/div>\n\t\t\t\t\t<\/div>\n\t\t<\/section>\n\t\t\t\t<section class=\"elementor-section elementor-top-section elementor-element elementor-element-5360189 elementor-section-stretched elementor-section-boxed elementor-section-height-default elementor-section-height-default\" data-id=\"5360189\" data-element_type=\"section\" data-e-type=\"section\" data-settings=\"{&quot;background_background&quot;:&quot;classic&quot;,&quot;stretch_section&quot;:&quot;section-stretched&quot;}\">\n\t\t\t\t\t\t<div class=\"elementor-container elementor-column-gap-default\">\n\t\t\t\t\t<div class=\"elementor-column elementor-col-100 elementor-top-column elementor-element elementor-element-0a44ea0\" data-id=\"0a44ea0\" data-element_type=\"column\" data-e-type=\"column\">\n\t\t\t<div class=\"elementor-widget-wrap elementor-element-populated\">\n\t\t\t\t\t\t<div class=\"elementor-element elementor-element-6db0a4b elementor-widget elementor-widget-text-editor\" data-id=\"6db0a4b\" data-element_type=\"widget\" data-e-type=\"widget\" data-widget_type=\"text-editor.default\">\n\t\t\t\t<div class=\"elementor-widget-container\">\n\t\t\t\t\t\t\t\t\t<p>We are\u00a0<b>Premium Implant Network<\/b>, a network of professionals with more than\u00a0<b>25 years of experience<\/b>we work with the best implantologists in Bogota and all the cities of Colombia.<\/p><p>We offer our clients the following services in Implantology:\u00a0<b>Crown on implants, Fixed prosthesis on implant, Hybrid prostheses, Overdenture, CAD-CAM technology, All on 4, Dental Aesthetics, Geriatric Dentistry, Patients with Systemic Complications.<\/b><\/p>\t\t\t\t\t\t\t\t<\/div>\n\t\t\t\t<\/div>\n\t\t\t\t<div class=\"elementor-element elementor-element-6e9330b elementor-align-center elementor-widget elementor-widget-button\" data-id=\"6e9330b\" data-element_type=\"widget\" data-e-type=\"widget\" data-widget_type=\"button.default\">\n\t\t\t\t<div class=\"elementor-widget-container\">\n\t\t\t\t\t\t\t\t\t<div class=\"elementor-button-wrapper\">\n\t\t\t\t\t<a class=\"elementor-button elementor-button-link elementor-size-sm\" href=\"https:\/\/old.pinimplant.com\/contactanos\/\">\n\t\t\t\t\t\t<span class=\"elementor-button-content-wrapper\">\n\t\t\t\t\t\t\t\t\t<span class=\"elementor-button-text\">Contact us<\/span>\n\t\t\t\t\t<\/span>\n\t\t\t\t\t<\/a>\n\t\t\t\t<\/div>\n\t\t\t\t\t\t\t\t<\/div>\n\t\t\t\t<\/div>\n\t\t\t\t\t<\/div>\n\t\t<\/div>\n\t\t\t\t\t<\/div>\n\t\t<\/section>\n\t\t\t\t<\/div>","protected":false},"excerpt":{"rendered":"<p>Previous Next Tecnolog\u00eda CAD-CAM El CAD-CAM es un sistema tecnol\u00f3gico innovador que permite a trav\u00e9s de un esc\u00e1ner obtener una imagen real de la boca del paciente. A partir de esta imagen se realiza un modelado en 3D que permite el dise\u00f1o y posterior elaboraci\u00f3n de las pr\u00f3tesis dentales de la m\u00e1s alta calidad. La [&hellip;]<\/p>\n","protected":false},"author":2,"featured_media":0,"parent":6392,"menu_order":3,"comment_status":"closed","ping_status":"closed","template":"","meta":{"footnotes":""},"class_list":["post-7151","page","type-page","status-publish","hentry"],"yoast_head":"<!-- This site is optimized with the Yoast SEO plugin v27.4 - https:\/\/yoast.com\/product\/yoast-seo-wordpress\/ -->\n<title>CAD - CAM - premiumimplantnetwork Implantes Dentales<\/title>\n<meta name=\"description\" content=\"El CAD-CAM es un sistema tecnol\u00f3gico innovador que permite a trav\u00e9s de un esc\u00e1ner obtener una imagen real de la boca del paciente.\" \/>\n<meta name=\"robots\" content=\"index, follow, max-snippet:-1, max-image-preview:large, max-video-preview:-1\" \/>\n<link rel=\"canonical\" href=\"https:\/\/premiumimplantnetwork.com\/en\/servicios-2\/cad-cam\/\" \/>\n<meta property=\"og:locale\" content=\"en_US\" \/>\n<meta property=\"og:type\" content=\"article\" \/>\n<meta property=\"og:title\" content=\"CAD - CAM - premiumimplantnetwork Implantes Dentales\" \/>\n<meta property=\"og:description\" content=\"El CAD-CAM es un sistema tecnol\u00f3gico innovador que permite a trav\u00e9s de un esc\u00e1ner obtener una imagen real de la boca del paciente.\" \/>\n<meta property=\"og:url\" content=\"https:\/\/premiumimplantnetwork.com\/en\/servicios-2\/cad-cam\/\" \/>\n<meta property=\"og:site_name\" content=\"premiumimplantnetwork Implantes Dentales\" \/>\n<meta property=\"article:publisher\" content=\"https:\/\/www.facebook.com\/PremiumImplantNetwork\/\" \/>\n<meta property=\"og:image\" content=\"https:\/\/old.pinimplant.com\/wp-content\/uploads\/2020\/01\/Cad-Cam-1.png\" \/>\n<meta name=\"twitter:card\" content=\"summary_large_image\" \/>\n<meta name=\"twitter:label1\" content=\"Est. reading time\" \/>\n\t<meta name=\"twitter:data1\" content=\"2 minutes\" \/>\n<script type=\"application\/ld+json\" class=\"yoast-schema-graph\">{\"@context\":\"https:\\\/\\\/schema.org\",\"@graph\":[{\"@type\":\"WebPage\",\"@id\":\"https:\\\/\\\/premiumimplantnetwork.com\\\/servicios-2\\\/cad-cam\\\/\",\"url\":\"https:\\\/\\\/premiumimplantnetwork.com\\\/servicios-2\\\/cad-cam\\\/\",\"name\":\"CAD - CAM - premiumimplantnetwork Implantes Dentales\",\"isPartOf\":{\"@id\":\"https:\\\/\\\/premiumimplantnetwork.com\\\/#website\"},\"primaryImageOfPage\":{\"@id\":\"https:\\\/\\\/premiumimplantnetwork.com\\\/servicios-2\\\/cad-cam\\\/#primaryimage\"},\"image\":{\"@id\":\"https:\\\/\\\/premiumimplantnetwork.com\\\/servicios-2\\\/cad-cam\\\/#primaryimage\"},\"thumbnailUrl\":\"https:\\\/\\\/old.pinimplant.com\\\/wp-content\\\/uploads\\\/2020\\\/01\\\/Cad-Cam-1.png\",\"datePublished\":\"2020-01-29T21:39:07+00:00\",\"description\":\"El CAD-CAM es un sistema tecnol\u00f3gico innovador que permite a trav\u00e9s de un esc\u00e1ner obtener una imagen real de la boca del paciente.\",\"breadcrumb\":{\"@id\":\"https:\\\/\\\/premiumimplantnetwork.com\\\/servicios-2\\\/cad-cam\\\/#breadcrumb\"},\"inLanguage\":\"en-US\",\"potentialAction\":[{\"@type\":\"ReadAction\",\"target\":[\"https:\\\/\\\/premiumimplantnetwork.com\\\/servicios-2\\\/cad-cam\\\/\"]}]},{\"@type\":\"ImageObject\",\"inLanguage\":\"en-US\",\"@id\":\"https:\\\/\\\/premiumimplantnetwork.com\\\/servicios-2\\\/cad-cam\\\/#primaryimage\",\"url\":\"https:\\\/\\\/old.pinimplant.com\\\/wp-content\\\/uploads\\\/2020\\\/01\\\/Cad-Cam-1.png\",\"contentUrl\":\"https:\\\/\\\/old.pinimplant.com\\\/wp-content\\\/uploads\\\/2020\\\/01\\\/Cad-Cam-1.png\"},{\"@type\":\"BreadcrumbList\",\"@id\":\"https:\\\/\\\/premiumimplantnetwork.com\\\/servicios-2\\\/cad-cam\\\/#breadcrumb\",\"itemListElement\":[{\"@type\":\"ListItem\",\"position\":1,\"name\":\"Portada\",\"item\":\"https:\\\/\\\/premiumimplantnetwork.com\\\/\"},{\"@type\":\"ListItem\",\"position\":2,\"name\":\"Servicios\",\"item\":\"https:\\\/\\\/premiumimplantnetwork.com\\\/servicios-2\\\/\"},{\"@type\":\"ListItem\",\"position\":3,\"name\":\"CAD &#8211; CAM\"}]},{\"@type\":\"WebSite\",\"@id\":\"https:\\\/\\\/premiumimplantnetwork.com\\\/#website\",\"url\":\"https:\\\/\\\/premiumimplantnetwork.com\\\/\",\"name\":\"premiumimplantnetwork Implantes Dentales\",\"description\":\"Somos Premium Implant Network - PIN, una red de expertos en implantes dentales en Bogot\u00e1, y otras ciudades de Colombia.\",\"publisher\":{\"@id\":\"https:\\\/\\\/premiumimplantnetwork.com\\\/#organization\"},\"potentialAction\":[{\"@type\":\"SearchAction\",\"target\":{\"@type\":\"EntryPoint\",\"urlTemplate\":\"https:\\\/\\\/premiumimplantnetwork.com\\\/?s={search_term_string}\"},\"query-input\":{\"@type\":\"PropertyValueSpecification\",\"valueRequired\":true,\"valueName\":\"search_term_string\"}}],\"inLanguage\":\"en-US\"},{\"@type\":\"Organization\",\"@id\":\"https:\\\/\\\/premiumimplantnetwork.com\\\/#organization\",\"name\":\"premiumimplantnetwork Implantes Dentales\",\"url\":\"https:\\\/\\\/premiumimplantnetwork.com\\\/\",\"logo\":{\"@type\":\"ImageObject\",\"inLanguage\":\"en-US\",\"@id\":\"https:\\\/\\\/premiumimplantnetwork.com\\\/#\\\/schema\\\/logo\\\/image\\\/\",\"url\":\"https:\\\/\\\/premiumimplantnetwork.com\\\/wp-content\\\/uploads\\\/cropped-Logo-premium-implant-network.jpg\",\"contentUrl\":\"https:\\\/\\\/premiumimplantnetwork.com\\\/wp-content\\\/uploads\\\/cropped-Logo-premium-implant-network.jpg\",\"width\":186,\"height\":86,\"caption\":\"premiumimplantnetwork Implantes Dentales\"},\"image\":{\"@id\":\"https:\\\/\\\/premiumimplantnetwork.com\\\/#\\\/schema\\\/logo\\\/image\\\/\"},\"sameAs\":[\"https:\\\/\\\/www.facebook.com\\\/PremiumImplantNetwork\\\/\"]}]}<\/script>\n<!-- \/ Yoast SEO plugin. -->","yoast_head_json":{"title":"CAD - CAM - premiumimplantnetwork Implantes Dentales","description":"El CAD-CAM es un sistema tecnol\u00f3gico innovador que permite a trav\u00e9s de un esc\u00e1ner obtener una imagen real de la boca del paciente.","robots":{"index":"index","follow":"follow","max-snippet":"max-snippet:-1","max-image-preview":"max-image-preview:large","max-video-preview":"max-video-preview:-1"},"canonical":"https:\/\/premiumimplantnetwork.com\/en\/servicios-2\/cad-cam\/","og_locale":"en_US","og_type":"article","og_title":"CAD - CAM - premiumimplantnetwork Implantes Dentales","og_description":"El CAD-CAM es un sistema tecnol\u00f3gico innovador que permite a trav\u00e9s de un esc\u00e1ner obtener una imagen real de la boca del paciente.","og_url":"https:\/\/premiumimplantnetwork.com\/en\/servicios-2\/cad-cam\/","og_site_name":"premiumimplantnetwork Implantes Dentales","article_publisher":"https:\/\/www.facebook.com\/PremiumImplantNetwork\/","og_image":[{"url":"https:\/\/old.pinimplant.com\/wp-content\/uploads\/2020\/01\/Cad-Cam-1.png","type":"","width":"","height":""}],"twitter_card":"summary_large_image","twitter_misc":{"Est. reading time":"2 minutes"},"schema":{"@context":"https:\/\/schema.org","@graph":[{"@type":"WebPage","@id":"https:\/\/premiumimplantnetwork.com\/servicios-2\/cad-cam\/","url":"https:\/\/premiumimplantnetwork.com\/servicios-2\/cad-cam\/","name":"CAD - CAM - premiumimplantnetwork Implantes Dentales","isPartOf":{"@id":"https:\/\/premiumimplantnetwork.com\/#website"},"primaryImageOfPage":{"@id":"https:\/\/premiumimplantnetwork.com\/servicios-2\/cad-cam\/#primaryimage"},"image":{"@id":"https:\/\/premiumimplantnetwork.com\/servicios-2\/cad-cam\/#primaryimage"},"thumbnailUrl":"https:\/\/old.pinimplant.com\/wp-content\/uploads\/2020\/01\/Cad-Cam-1.png","datePublished":"2020-01-29T21:39:07+00:00","description":"El CAD-CAM es un sistema tecnol\u00f3gico innovador que permite a trav\u00e9s de un esc\u00e1ner obtener una imagen real de la boca del paciente.","breadcrumb":{"@id":"https:\/\/premiumimplantnetwork.com\/servicios-2\/cad-cam\/#breadcrumb"},"inLanguage":"en-US","potentialAction":[{"@type":"ReadAction","target":["https:\/\/premiumimplantnetwork.com\/servicios-2\/cad-cam\/"]}]},{"@type":"ImageObject","inLanguage":"en-US","@id":"https:\/\/premiumimplantnetwork.com\/servicios-2\/cad-cam\/#primaryimage","url":"https:\/\/old.pinimplant.com\/wp-content\/uploads\/2020\/01\/Cad-Cam-1.png","contentUrl":"https:\/\/old.pinimplant.com\/wp-content\/uploads\/2020\/01\/Cad-Cam-1.png"},{"@type":"BreadcrumbList","@id":"https:\/\/premiumimplantnetwork.com\/servicios-2\/cad-cam\/#breadcrumb","itemListElement":[{"@type":"ListItem","position":1,"name":"Portada","item":"https:\/\/premiumimplantnetwork.com\/"},{"@type":"ListItem","position":2,"name":"Servicios","item":"https:\/\/premiumimplantnetwork.com\/servicios-2\/"},{"@type":"ListItem","position":3,"name":"CAD &#8211; CAM"}]},{"@type":"WebSite","@id":"https:\/\/premiumimplantnetwork.com\/#website","url":"https:\/\/premiumimplantnetwork.com\/","name":"premiumimplantnetwork Dental Implants","description":"We are Premium Implant Network - PIN, a network of experts in dental implants in Bogot\u00e1, and other cities in Colombia.","publisher":{"@id":"https:\/\/premiumimplantnetwork.com\/#organization"},"potentialAction":[{"@type":"SearchAction","target":{"@type":"EntryPoint","urlTemplate":"https:\/\/premiumimplantnetwork.com\/?s={search_term_string}"},"query-input":{"@type":"PropertyValueSpecification","valueRequired":true,"valueName":"search_term_string"}}],"inLanguage":"en-US"},{"@type":"Organization","@id":"https:\/\/premiumimplantnetwork.com\/#organization","name":"premiumimplantnetwork Dental Implants","url":"https:\/\/premiumimplantnetwork.com\/","logo":{"@type":"ImageObject","inLanguage":"en-US","@id":"https:\/\/premiumimplantnetwork.com\/#\/schema\/logo\/image\/","url":"https:\/\/premiumimplantnetwork.com\/wp-content\/uploads\/cropped-Logo-premium-implant-network.jpg","contentUrl":"https:\/\/premiumimplantnetwork.com\/wp-content\/uploads\/cropped-Logo-premium-implant-network.jpg","width":186,"height":86,"caption":"premiumimplantnetwork Implantes Dentales"},"image":{"@id":"https:\/\/premiumimplantnetwork.com\/#\/schema\/logo\/image\/"},"sameAs":["https:\/\/www.facebook.com\/PremiumImplantNetwork\/"]}]}},"_links":{"self":[{"href":"https:\/\/premiumimplantnetwork.com\/en\/wp-json\/wp\/v2\/pages\/7151","targetHints":{"allow":["GET"]}}],"collection":[{"href":"https:\/\/premiumimplantnetwork.com\/en\/wp-json\/wp\/v2\/pages"}],"about":[{"href":"https:\/\/premiumimplantnetwork.com\/en\/wp-json\/wp\/v2\/types\/page"}],"author":[{"embeddable":true,"href":"https:\/\/premiumimplantnetwork.com\/en\/wp-json\/wp\/v2\/users\/2"}],"replies":[{"embeddable":true,"href":"https:\/\/premiumimplantnetwork.com\/en\/wp-json\/wp\/v2\/comments?post=7151"}],"version-history":[{"count":0,"href":"https:\/\/premiumimplantnetwork.com\/en\/wp-json\/wp\/v2\/pages\/7151\/revisions"}],"up":[{"embeddable":true,"href":"https:\/\/premiumimplantnetwork.com\/en\/wp-json\/wp\/v2\/pages\/6392"}],"wp:attachment":[{"href":"https:\/\/premiumimplantnetwork.com\/en\/wp-json\/wp\/v2\/media?parent=7151"}],"curies":[{"name":"wp","href":"https:\/\/api.w.org\/{rel}","templated":true}]}}