{"id":7227,"date":"2020-01-29T23:19:20","date_gmt":"2020-01-29T23:19:20","guid":{"rendered":"https:\/\/old.pinimplant.com\/?page_id=7227"},"modified":"2022-01-22T16:39:23","modified_gmt":"2022-01-22T21:39:23","slug":"bogota-transporte-por-horas","status":"publish","type":"page","link":"https:\/\/premiumimplantnetwork.com\/en\/turismo-dental\/bogota-transporte-por-horas\/","title":{"rendered":"Bogot\u00e1: Transporte por Horas"},"content":{"rendered":"<div data-elementor-type=\"wp-page\" data-elementor-id=\"7227\" class=\"elementor elementor-7227\" data-elementor-post-type=\"page\">\n\t\t\t\t\t\t<section class=\"elementor-section elementor-top-section elementor-element elementor-element-30f1c08 elementor-section-boxed elementor-section-height-default elementor-section-height-default\" data-id=\"30f1c08\" data-element_type=\"section\" data-e-type=\"section\">\n\t\t\t\t\t\t<div class=\"elementor-container elementor-column-gap-default\">\n\t\t\t\t\t<div class=\"elementor-column elementor-col-100 elementor-top-column elementor-element elementor-element-a1eaca8\" data-id=\"a1eaca8\" data-element_type=\"column\" data-e-type=\"column\">\n\t\t\t<div class=\"elementor-widget-wrap elementor-element-populated\">\n\t\t\t\t\t\t<div class=\"elementor-element elementor-element-5c67053 elementor-widget elementor-widget-spacer\" data-id=\"5c67053\" data-element_type=\"widget\" data-e-type=\"widget\" data-widget_type=\"spacer.default\">\n\t\t\t\t<div class=\"elementor-widget-container\">\n\t\t\t\t\t\t\t<div class=\"elementor-spacer\">\n\t\t\t<div class=\"elementor-spacer-inner\"><\/div>\n\t\t<\/div>\n\t\t\t\t\t\t<\/div>\n\t\t\t\t<\/div>\n\t\t\t\t\t<\/div>\n\t\t<\/div>\n\t\t\t\t\t<\/div>\n\t\t<\/section>\n\t\t\t\t<section class=\"elementor-section elementor-top-section elementor-element elementor-element-66677ef2 elementor-section-stretched elementor-section-boxed elementor-section-height-default elementor-section-height-default\" data-id=\"66677ef2\" data-element_type=\"section\" data-e-type=\"section\" data-settings=\"{&quot;stretch_section&quot;:&quot;section-stretched&quot;}\">\n\t\t\t\t\t\t<div class=\"elementor-container elementor-column-gap-default\">\n\t\t\t\t\t<div class=\"elementor-column elementor-col-100 elementor-top-column elementor-element elementor-element-16907e70\" data-id=\"16907e70\" data-element_type=\"column\" data-e-type=\"column\">\n\t\t\t<div class=\"elementor-widget-wrap elementor-element-populated\">\n\t\t\t\t\t\t<div class=\"elementor-element elementor-element-9dabc73 elementor-widget elementor-widget-heading\" data-id=\"9dabc73\" data-element_type=\"widget\" data-e-type=\"widget\" data-widget_type=\"heading.default\">\n\t\t\t\t<div class=\"elementor-widget-container\">\n\t\t\t\t\t<h1 class=\"elementor-heading-title elementor-size-large\">Bogot\u00e1: Transportation by hours<\/h1>\t\t\t\t<\/div>\n\t\t\t\t<\/div>\n\t\t\t\t<div class=\"elementor-element elementor-element-5deeee7 elementor-widget elementor-widget-spacer\" data-id=\"5deeee7\" data-element_type=\"widget\" data-e-type=\"widget\" data-widget_type=\"spacer.default\">\n\t\t\t\t<div class=\"elementor-widget-container\">\n\t\t\t\t\t\t\t<div class=\"elementor-spacer\">\n\t\t\t<div class=\"elementor-spacer-inner\"><\/div>\n\t\t<\/div>\n\t\t\t\t\t\t<\/div>\n\t\t\t\t<\/div>\n\t\t\t\t\t<\/div>\n\t\t<\/div>\n\t\t\t\t\t<\/div>\n\t\t<\/section>\n\t\t\t\t<section class=\"elementor-section elementor-top-section elementor-element elementor-element-3a37ecc3 elementor-section-stretched elementor-section-boxed elementor-section-height-default elementor-section-height-default\" data-id=\"3a37ecc3\" data-element_type=\"section\" data-e-type=\"section\" data-settings=\"{&quot;stretch_section&quot;:&quot;section-stretched&quot;}\">\n\t\t\t\t\t\t<div class=\"elementor-container elementor-column-gap-default\">\n\t\t\t\t\t<div class=\"elementor-column elementor-col-50 elementor-top-column elementor-element elementor-element-17d4a152\" data-id=\"17d4a152\" data-element_type=\"column\" data-e-type=\"column\">\n\t\t\t<div class=\"elementor-widget-wrap elementor-element-populated\">\n\t\t\t\t\t\t<div class=\"elementor-element elementor-element-00423f6 elementor-widget elementor-widget-text-editor\" data-id=\"00423f6\" data-element_type=\"widget\" data-e-type=\"widget\" data-widget_type=\"text-editor.default\">\n\t\t\t\t<div class=\"elementor-widget-container\">\n\t\t\t\t\t\t\t\t\t<p>A special car for tourism will be available to explore the places you want in the city. You can request it for as long as you need.<\/p><p>\u00a0<\/p><p><strong>Information needed to schedule the service:<\/strong>\u00a0Name, ID, Nationality, hotel address or place of collection, itinerary and a contact WhatsApp number, inform if you have any health requirements.<\/p><p>\u00a0<\/p><p><b>Price per 4 passenger car: USD 10 per hour (maximum of 3 people recommended)<\/b><\/p>\t\t\t\t\t\t\t\t<\/div>\n\t\t\t\t<\/div>\n\t\t\t\t\t<\/div>\n\t\t<\/div>\n\t\t\t\t<div class=\"elementor-column elementor-col-50 elementor-top-column elementor-element elementor-element-3683423\" data-id=\"3683423\" data-element_type=\"column\" data-e-type=\"column\">\n\t\t\t<div class=\"elementor-widget-wrap elementor-element-populated\">\n\t\t\t\t\t\t<div class=\"elementor-element elementor-element-dea2013 elementor-widget elementor-widget-image\" data-id=\"dea2013\" data-element_type=\"widget\" data-e-type=\"widget\" data-widget_type=\"image.default\">\n\t\t\t\t<div class=\"elementor-widget-container\">\n\t\t\t\t\t\t\t\t\t\t\t\t\t\t\t<img fetchpriority=\"high\" decoding=\"async\" width=\"495\" height=\"400\" src=\"https:\/\/premiumimplantnetwork.com\/wp-content\/uploads\/Transportation-by-Hours495x400.jpg\" class=\"attachment-medium_large size-medium_large wp-image-30123\" alt=\"Transportation-by-Hours495x400\" srcset=\"https:\/\/premiumimplantnetwork.com\/wp-content\/uploads\/Transportation-by-Hours495x400.jpg 495w, https:\/\/premiumimplantnetwork.com\/wp-content\/uploads\/Transportation-by-Hours495x400-300x242.jpg 300w, https:\/\/premiumimplantnetwork.com\/wp-content\/uploads\/Transportation-by-Hours495x400-150x121.jpg 150w\" sizes=\"(max-width: 495px) 100vw, 495px\" \/>\t\t\t\t\t\t\t\t\t\t\t\t\t\t\t<\/div>\n\t\t\t\t<\/div>\n\t\t\t\t\t<\/div>\n\t\t<\/div>\n\t\t\t\t\t<\/div>\n\t\t<\/section>\n\t\t\t\t<section class=\"elementor-section elementor-top-section elementor-element elementor-element-6e1d74be elementor-section-stretched elementor-section-boxed elementor-section-height-default elementor-section-height-default\" data-id=\"6e1d74be\" data-element_type=\"section\" data-e-type=\"section\" data-settings=\"{&quot;background_background&quot;:&quot;classic&quot;,&quot;stretch_section&quot;:&quot;section-stretched&quot;}\">\n\t\t\t\t\t\t<div class=\"elementor-container elementor-column-gap-default\">\n\t\t\t\t\t<div class=\"elementor-column elementor-col-100 elementor-top-column elementor-element elementor-element-7dd55ee7\" data-id=\"7dd55ee7\" data-element_type=\"column\" data-e-type=\"column\">\n\t\t\t<div class=\"elementor-widget-wrap elementor-element-populated\">\n\t\t\t\t\t\t<div class=\"elementor-element elementor-element-f441397 elementor-widget elementor-widget-heading\" data-id=\"f441397\" data-element_type=\"widget\" data-e-type=\"widget\" data-widget_type=\"heading.default\">\n\t\t\t\t<div class=\"elementor-widget-container\">\n\t\t\t\t\t<h2 class=\"elementor-heading-title elementor-size-large\">Leave us your information to communicate with you<\/h2>\t\t\t\t<\/div>\n\t\t\t\t<\/div>\n\t\t\t\t<div class=\"elementor-element elementor-element-3c04e1b elementor-widget elementor-widget-spacer\" data-id=\"3c04e1b\" data-element_type=\"widget\" data-e-type=\"widget\" data-widget_type=\"spacer.default\">\n\t\t\t\t<div class=\"elementor-widget-container\">\n\t\t\t\t\t\t\t<div class=\"elementor-spacer\">\n\t\t\t<div class=\"elementor-spacer-inner\"><\/div>\n\t\t<\/div>\n\t\t\t\t\t\t<\/div>\n\t\t\t\t<\/div>\n\t\t\t\t\t<\/div>\n\t\t<\/div>\n\t\t\t\t\t<\/div>\n\t\t<\/section>\n\t\t\t\t<section class=\"elementor-section elementor-top-section elementor-element elementor-element-975860b elementor-section-stretched elementor-section-boxed elementor-section-height-default elementor-section-height-default\" data-id=\"975860b\" data-element_type=\"section\" data-e-type=\"section\" data-settings=\"{&quot;stretch_section&quot;:&quot;section-stretched&quot;}\">\n\t\t\t\t\t\t<div class=\"elementor-container elementor-column-gap-default\">\n\t\t\t\t\t<div class=\"elementor-column elementor-col-100 elementor-top-column elementor-element elementor-element-ac039b1\" data-id=\"ac039b1\" data-element_type=\"column\" data-e-type=\"column\">\n\t\t\t<div class=\"elementor-widget-wrap elementor-element-populated\">\n\t\t\t\t\t\t<div class=\"elementor-element elementor-element-ae3ea91 elementor-widget elementor-widget-shortcode\" data-id=\"ae3ea91\" data-element_type=\"widget\" data-e-type=\"widget\" data-widget_type=\"shortcode.default\">\n\t\t\t\t<div class=\"elementor-widget-container\">\n\t\t\t\t\t\t\t<div class=\"elementor-shortcode\">\n<div class=\"wpcf7 no-js\" id=\"wpcf7-f31066-o1\" lang=\"es-ES\" dir=\"ltr\" data-wpcf7-id=\"31066\">\n<div class=\"screen-reader-response\"><p role=\"status\" aria-live=\"polite\" aria-atomic=\"true\"><\/p> <ul><\/ul><\/div>\n<form action=\"\/en\/wp-json\/wp\/v2\/pages\/7227#wpcf7-f31066-o1\" method=\"post\" class=\"wpcf7-form init\" aria-label=\"Formulario de contacto\" novalidate=\"novalidate\" data-status=\"init\" data-trp-original-action=\"\/en\/wp-json\/wp\/v2\/pages\/7227#wpcf7-f31066-o1\">\n<fieldset class=\"hidden-fields-container\"><input type=\"hidden\" name=\"_wpcf7\" value=\"31066\" \/><input type=\"hidden\" name=\"_wpcf7_version\" value=\"6.1.5\" \/><input type=\"hidden\" name=\"_wpcf7_locale\" value=\"es_ES\" \/><input type=\"hidden\" name=\"_wpcf7_unit_tag\" value=\"wpcf7-f31066-o1\" \/><input type=\"hidden\" name=\"_wpcf7_container_post\" value=\"0\" \/><input type=\"hidden\" name=\"_wpcf7_posted_data_hash\" value=\"\" \/>\n<\/fieldset>\n<p><label> Name \/ Name<br \/>\n<span class=\"wpcf7-form-control-wrap\" data-name=\"your-name\"><input size=\"40\" maxlength=\"400\" class=\"wpcf7-form-control wpcf7-text wpcf7-validates-as-required\" aria-required=\"true\" aria-invalid=\"false\" value=\"\" type=\"text\" name=\"your-name\" \/><\/span> <\/label>\n<\/p>\n<p><label> Pa\u00eds \/ Country<br \/>\n<span class=\"wpcf7-form-control-wrap\" data-name=\"pais\"><input size=\"40\" maxlength=\"400\" class=\"wpcf7-form-control wpcf7-text wpcf7-validates-as-required\" aria-required=\"true\" aria-invalid=\"false\" value=\"\" type=\"text\" name=\"pais\" \/><\/span><\/label><br \/>\n<label> Tel\u00e9fono \/ Phone<br \/>\n<span class=\"wpcf7-form-control-wrap\" data-name=\"telefono\"><input size=\"40\" maxlength=\"400\" class=\"wpcf7-form-control wpcf7-tel wpcf7-validates-as-required wpcf7-text wpcf7-validates-as-tel\" aria-required=\"true\" aria-invalid=\"false\" value=\"\" type=\"tel\" name=\"telefono\" \/><\/span><\/label>\n<\/p>\n<p><label> Email \/ E-mail<br \/>\n<span class=\"wpcf7-form-control-wrap\" data-name=\"your-email\"><input size=\"40\" maxlength=\"400\" class=\"wpcf7-form-control wpcf7-email wpcf7-validates-as-required wpcf7-text wpcf7-validates-as-email\" aria-required=\"true\" aria-invalid=\"false\" value=\"\" type=\"email\" name=\"your-email\" \/><\/span> <\/label>\n<\/p>\n<p><label> Message \/ Message<br \/>\n<span class=\"wpcf7-form-control-wrap\" data-name=\"your-message\"><textarea cols=\"40\" rows=\"10\" maxlength=\"2000\" class=\"wpcf7-form-control wpcf7-textarea\" aria-invalid=\"false\" name=\"your-message\"><\/textarea><\/span> <\/label>\n<\/p>\n<p><span class=\"wpcf7-form-control-wrap\" data-name=\"acceptance-78\"><span class=\"wpcf7-form-control wpcf7-acceptance\"><span class=\"wpcf7-list-item\"><label><input type=\"checkbox\" name=\"acceptance-78\" value=\"1\" aria-invalid=\"false\" \/><span class=\"wpcf7-list-item-label\">Al enviar acepto las Pol\u00edticas de Privacidad \/ By sending I accept the Privacy Policy<\/span><\/label><\/span><\/span><\/span>\n<\/p>\n<p><input class=\"wpcf7-form-control wpcf7-submit has-spinner\" type=\"submit\" value=\"Send\" \/>\n<\/p><div class=\"wpcf7-response-output\" aria-hidden=\"true\"><\/div>\n<input type=\"hidden\" name=\"trp-form-language\" value=\"en\"\/><\/form>\n<\/div>\n<\/div>\n\t\t\t\t\t\t<\/div>\n\t\t\t\t<\/div>\n\t\t\t\t\t<\/div>\n\t\t<\/div>\n\t\t\t\t\t<\/div>\n\t\t<\/section>\n\t\t\t\t<\/div>","protected":false},"excerpt":{"rendered":"<p>Bogot\u00e1: Transporte por horas Un carro especial de turismo estar\u00e1 disponible para recorrer los puntos que desees en la ciudad. Podr\u00e1s solicitarlo por el tiempo que necesites. \u00a0 Informaci\u00f3n necesaria para poder agendar el servicio:\u00a0Nombre, ID, Nacionalidad, direcci\u00f3n del hotel o lugar de recogida, itinerario y un n\u00famero de WhatsApp de contacto, informar si tiene [&hellip;]<\/p>\n","protected":false},"author":2,"featured_media":0,"parent":217,"menu_order":6,"comment_status":"closed","ping_status":"closed","template":"","meta":{"footnotes":""},"class_list":["post-7227","page","type-page","status-publish","hentry"],"yoast_head":"<!-- This site is optimized with the Yoast SEO plugin v27.4 - https:\/\/yoast.com\/product\/yoast-seo-wordpress\/ -->\n<title>Bogot\u00e1: Transporte por Horas - premiumimplantnetwork Implantes Dentales<\/title>\n<meta name=\"robots\" content=\"index, follow, max-snippet:-1, max-image-preview:large, max-video-preview:-1\" \/>\n<link rel=\"canonical\" href=\"https:\/\/premiumimplantnetwork.com\/en\/turismo-dental\/bogota-transporte-por-horas\/\" \/>\n<meta property=\"og:locale\" content=\"en_US\" \/>\n<meta property=\"og:type\" content=\"article\" \/>\n<meta property=\"og:title\" content=\"Bogot\u00e1: Transporte por Horas - premiumimplantnetwork Implantes Dentales\" \/>\n<meta property=\"og:description\" content=\"Bogot\u00e1: Transporte por horas Un carro especial de turismo estar\u00e1 disponible para recorrer los puntos que desees en la ciudad. Podr\u00e1s solicitarlo por el tiempo que necesites. \u00a0 Informaci\u00f3n necesaria para poder agendar el servicio:\u00a0Nombre, ID, Nacionalidad, direcci\u00f3n del hotel o lugar de recogida, itinerario y un n\u00famero de WhatsApp de contacto, informar si tiene [&hellip;]\" \/>\n<meta property=\"og:url\" content=\"https:\/\/premiumimplantnetwork.com\/en\/turismo-dental\/bogota-transporte-por-horas\/\" \/>\n<meta property=\"og:site_name\" content=\"premiumimplantnetwork Implantes Dentales\" \/>\n<meta property=\"article:publisher\" content=\"https:\/\/www.facebook.com\/PremiumImplantNetwork\/\" \/>\n<meta property=\"article:modified_time\" content=\"2022-01-22T21:39:23+00:00\" \/>\n<meta property=\"og:image\" content=\"https:\/\/premiumimplantnetwork.com\/wp-content\/uploads\/Transportation-by-Hours495x400.jpg\" \/>\n<meta name=\"twitter:card\" content=\"summary_large_image\" \/>\n<meta name=\"twitter:label1\" content=\"Est. reading time\" \/>\n\t<meta name=\"twitter:data1\" content=\"1 minute\" \/>\n<script type=\"application\/ld+json\" class=\"yoast-schema-graph\">{\"@context\":\"https:\\\/\\\/schema.org\",\"@graph\":[{\"@type\":\"WebPage\",\"@id\":\"https:\\\/\\\/premiumimplantnetwork.com\\\/turismo-dental\\\/bogota-transporte-por-horas\\\/\",\"url\":\"https:\\\/\\\/premiumimplantnetwork.com\\\/turismo-dental\\\/bogota-transporte-por-horas\\\/\",\"name\":\"Bogot\u00e1: Transporte por Horas - premiumimplantnetwork Implantes Dentales\",\"isPartOf\":{\"@id\":\"https:\\\/\\\/premiumimplantnetwork.com\\\/#website\"},\"primaryImageOfPage\":{\"@id\":\"https:\\\/\\\/premiumimplantnetwork.com\\\/turismo-dental\\\/bogota-transporte-por-horas\\\/#primaryimage\"},\"image\":{\"@id\":\"https:\\\/\\\/premiumimplantnetwork.com\\\/turismo-dental\\\/bogota-transporte-por-horas\\\/#primaryimage\"},\"thumbnailUrl\":\"https:\\\/\\\/premiumimplantnetwork.com\\\/wp-content\\\/uploads\\\/Transportation-by-Hours495x400.jpg\",\"datePublished\":\"2020-01-29T23:19:20+00:00\",\"dateModified\":\"2022-01-22T21:39:23+00:00\",\"breadcrumb\":{\"@id\":\"https:\\\/\\\/premiumimplantnetwork.com\\\/turismo-dental\\\/bogota-transporte-por-horas\\\/#breadcrumb\"},\"inLanguage\":\"en-US\",\"potentialAction\":[{\"@type\":\"ReadAction\",\"target\":[\"https:\\\/\\\/premiumimplantnetwork.com\\\/turismo-dental\\\/bogota-transporte-por-horas\\\/\"]}]},{\"@type\":\"ImageObject\",\"inLanguage\":\"en-US\",\"@id\":\"https:\\\/\\\/premiumimplantnetwork.com\\\/turismo-dental\\\/bogota-transporte-por-horas\\\/#primaryimage\",\"url\":\"https:\\\/\\\/premiumimplantnetwork.com\\\/wp-content\\\/uploads\\\/Transportation-by-Hours495x400.jpg\",\"contentUrl\":\"https:\\\/\\\/premiumimplantnetwork.com\\\/wp-content\\\/uploads\\\/Transportation-by-Hours495x400.jpg\"},{\"@type\":\"BreadcrumbList\",\"@id\":\"https:\\\/\\\/premiumimplantnetwork.com\\\/turismo-dental\\\/bogota-transporte-por-horas\\\/#breadcrumb\",\"itemListElement\":[{\"@type\":\"ListItem\",\"position\":1,\"name\":\"Portada\",\"item\":\"https:\\\/\\\/premiumimplantnetwork.com\\\/\"},{\"@type\":\"ListItem\",\"position\":2,\"name\":\"Turismo Dental\",\"item\":\"https:\\\/\\\/premiumimplantnetwork.com\\\/turismo-dental\\\/\"},{\"@type\":\"ListItem\",\"position\":3,\"name\":\"Bogot\u00e1: Transporte por Horas\"}]},{\"@type\":\"WebSite\",\"@id\":\"https:\\\/\\\/premiumimplantnetwork.com\\\/#website\",\"url\":\"https:\\\/\\\/premiumimplantnetwork.com\\\/\",\"name\":\"premiumimplantnetwork Implantes Dentales\",\"description\":\"Somos Premium Implant Network - PIN, una red de expertos en implantes dentales en Bogot\u00e1, y otras ciudades de Colombia.\",\"publisher\":{\"@id\":\"https:\\\/\\\/premiumimplantnetwork.com\\\/#organization\"},\"potentialAction\":[{\"@type\":\"SearchAction\",\"target\":{\"@type\":\"EntryPoint\",\"urlTemplate\":\"https:\\\/\\\/premiumimplantnetwork.com\\\/?s={search_term_string}\"},\"query-input\":{\"@type\":\"PropertyValueSpecification\",\"valueRequired\":true,\"valueName\":\"search_term_string\"}}],\"inLanguage\":\"en-US\"},{\"@type\":\"Organization\",\"@id\":\"https:\\\/\\\/premiumimplantnetwork.com\\\/#organization\",\"name\":\"premiumimplantnetwork Implantes Dentales\",\"url\":\"https:\\\/\\\/premiumimplantnetwork.com\\\/\",\"logo\":{\"@type\":\"ImageObject\",\"inLanguage\":\"en-US\",\"@id\":\"https:\\\/\\\/premiumimplantnetwork.com\\\/#\\\/schema\\\/logo\\\/image\\\/\",\"url\":\"https:\\\/\\\/premiumimplantnetwork.com\\\/wp-content\\\/uploads\\\/cropped-Logo-premium-implant-network.jpg\",\"contentUrl\":\"https:\\\/\\\/premiumimplantnetwork.com\\\/wp-content\\\/uploads\\\/cropped-Logo-premium-implant-network.jpg\",\"width\":186,\"height\":86,\"caption\":\"premiumimplantnetwork Implantes Dentales\"},\"image\":{\"@id\":\"https:\\\/\\\/premiumimplantnetwork.com\\\/#\\\/schema\\\/logo\\\/image\\\/\"},\"sameAs\":[\"https:\\\/\\\/www.facebook.com\\\/PremiumImplantNetwork\\\/\"]}]}<\/script>\n<!-- \/ Yoast SEO plugin. -->","yoast_head_json":{"title":"Bogot\u00e1: Transporte por Horas - premiumimplantnetwork Implantes Dentales","robots":{"index":"index","follow":"follow","max-snippet":"max-snippet:-1","max-image-preview":"max-image-preview:large","max-video-preview":"max-video-preview:-1"},"canonical":"https:\/\/premiumimplantnetwork.com\/en\/turismo-dental\/bogota-transporte-por-horas\/","og_locale":"en_US","og_type":"article","og_title":"Bogot\u00e1: Transporte por Horas - premiumimplantnetwork Implantes Dentales","og_description":"Bogot\u00e1: Transporte por horas Un carro especial de turismo estar\u00e1 disponible para recorrer los puntos que desees en la ciudad. Podr\u00e1s solicitarlo por el tiempo que necesites. \u00a0 Informaci\u00f3n necesaria para poder agendar el servicio:\u00a0Nombre, ID, Nacionalidad, direcci\u00f3n del hotel o lugar de recogida, itinerario y un n\u00famero de WhatsApp de contacto, informar si tiene [&hellip;]","og_url":"https:\/\/premiumimplantnetwork.com\/en\/turismo-dental\/bogota-transporte-por-horas\/","og_site_name":"premiumimplantnetwork Implantes Dentales","article_publisher":"https:\/\/www.facebook.com\/PremiumImplantNetwork\/","article_modified_time":"2022-01-22T21:39:23+00:00","og_image":[{"url":"https:\/\/premiumimplantnetwork.com\/wp-content\/uploads\/Transportation-by-Hours495x400.jpg","type":"","width":"","height":""}],"twitter_card":"summary_large_image","twitter_misc":{"Est. reading time":"1 minute"},"schema":{"@context":"https:\/\/schema.org","@graph":[{"@type":"WebPage","@id":"https:\/\/premiumimplantnetwork.com\/turismo-dental\/bogota-transporte-por-horas\/","url":"https:\/\/premiumimplantnetwork.com\/turismo-dental\/bogota-transporte-por-horas\/","name":"Bogot\u00e1: Transporte por Horas - premiumimplantnetwork Implantes Dentales","isPartOf":{"@id":"https:\/\/premiumimplantnetwork.com\/#website"},"primaryImageOfPage":{"@id":"https:\/\/premiumimplantnetwork.com\/turismo-dental\/bogota-transporte-por-horas\/#primaryimage"},"image":{"@id":"https:\/\/premiumimplantnetwork.com\/turismo-dental\/bogota-transporte-por-horas\/#primaryimage"},"thumbnailUrl":"https:\/\/premiumimplantnetwork.com\/wp-content\/uploads\/Transportation-by-Hours495x400.jpg","datePublished":"2020-01-29T23:19:20+00:00","dateModified":"2022-01-22T21:39:23+00:00","breadcrumb":{"@id":"https:\/\/premiumimplantnetwork.com\/turismo-dental\/bogota-transporte-por-horas\/#breadcrumb"},"inLanguage":"en-US","potentialAction":[{"@type":"ReadAction","target":["https:\/\/premiumimplantnetwork.com\/turismo-dental\/bogota-transporte-por-horas\/"]}]},{"@type":"ImageObject","inLanguage":"en-US","@id":"https:\/\/premiumimplantnetwork.com\/turismo-dental\/bogota-transporte-por-horas\/#primaryimage","url":"https:\/\/premiumimplantnetwork.com\/wp-content\/uploads\/Transportation-by-Hours495x400.jpg","contentUrl":"https:\/\/premiumimplantnetwork.com\/wp-content\/uploads\/Transportation-by-Hours495x400.jpg"},{"@type":"BreadcrumbList","@id":"https:\/\/premiumimplantnetwork.com\/turismo-dental\/bogota-transporte-por-horas\/#breadcrumb","itemListElement":[{"@type":"ListItem","position":1,"name":"Portada","item":"https:\/\/premiumimplantnetwork.com\/"},{"@type":"ListItem","position":2,"name":"Turismo Dental","item":"https:\/\/premiumimplantnetwork.com\/turismo-dental\/"},{"@type":"ListItem","position":3,"name":"Bogot\u00e1: Transporte por Horas"}]},{"@type":"WebSite","@id":"https:\/\/premiumimplantnetwork.com\/#website","url":"https:\/\/premiumimplantnetwork.com\/","name":"premiumimplantnetwork Dental Implants","description":"We are Premium Implant Network - PIN, a network of experts in dental implants in Bogot\u00e1, and other cities in Colombia.","publisher":{"@id":"https:\/\/premiumimplantnetwork.com\/#organization"},"potentialAction":[{"@type":"SearchAction","target":{"@type":"EntryPoint","urlTemplate":"https:\/\/premiumimplantnetwork.com\/?s={search_term_string}"},"query-input":{"@type":"PropertyValueSpecification","valueRequired":true,"valueName":"search_term_string"}}],"inLanguage":"en-US"},{"@type":"Organization","@id":"https:\/\/premiumimplantnetwork.com\/#organization","name":"premiumimplantnetwork Dental Implants","url":"https:\/\/premiumimplantnetwork.com\/","logo":{"@type":"ImageObject","inLanguage":"en-US","@id":"https:\/\/premiumimplantnetwork.com\/#\/schema\/logo\/image\/","url":"https:\/\/premiumimplantnetwork.com\/wp-content\/uploads\/cropped-Logo-premium-implant-network.jpg","contentUrl":"https:\/\/premiumimplantnetwork.com\/wp-content\/uploads\/cropped-Logo-premium-implant-network.jpg","width":186,"height":86,"caption":"premiumimplantnetwork Implantes Dentales"},"image":{"@id":"https:\/\/premiumimplantnetwork.com\/#\/schema\/logo\/image\/"},"sameAs":["https:\/\/www.facebook.com\/PremiumImplantNetwork\/"]}]}},"_links":{"self":[{"href":"https:\/\/premiumimplantnetwork.com\/en\/wp-json\/wp\/v2\/pages\/7227","targetHints":{"allow":["GET"]}}],"collection":[{"href":"https:\/\/premiumimplantnetwork.com\/en\/wp-json\/wp\/v2\/pages"}],"about":[{"href":"https:\/\/premiumimplantnetwork.com\/en\/wp-json\/wp\/v2\/types\/page"}],"author":[{"embeddable":true,"href":"https:\/\/premiumimplantnetwork.com\/en\/wp-json\/wp\/v2\/users\/2"}],"replies":[{"embeddable":true,"href":"https:\/\/premiumimplantnetwork.com\/en\/wp-json\/wp\/v2\/comments?post=7227"}],"version-history":[{"count":15,"href":"https:\/\/premiumimplantnetwork.com\/en\/wp-json\/wp\/v2\/pages\/7227\/revisions"}],"predecessor-version":[{"id":31466,"href":"https:\/\/premiumimplantnetwork.com\/en\/wp-json\/wp\/v2\/pages\/7227\/revisions\/31466"}],"up":[{"embeddable":true,"href":"https:\/\/premiumimplantnetwork.com\/en\/wp-json\/wp\/v2\/pages\/217"}],"wp:attachment":[{"href":"https:\/\/premiumimplantnetwork.com\/en\/wp-json\/wp\/v2\/media?parent=7227"}],"curies":[{"name":"wp","href":"https:\/\/api.w.org\/{rel}","templated":true}]}}