{"id":7247,"date":"2020-01-29T23:58:30","date_gmt":"2020-01-29T23:58:30","guid":{"rendered":"https:\/\/old.pinimplant.com\/turismo-dental\/bogota-transporte-por-horas-copy\/"},"modified":"2022-01-22T17:20:02","modified_gmt":"2022-01-22T22:20:02","slug":"bogota-transporte-aeropuerto-hotel-aeropuerto","status":"publish","type":"page","link":"https:\/\/premiumimplantnetwork.com\/en\/turismo-dental\/bogota-transporte-aeropuerto-hotel-aeropuerto\/","title":{"rendered":"Bogot\u00e1: Airport-Hotel-Airport Transportation"},"content":{"rendered":"<div data-elementor-type=\"wp-page\" data-elementor-id=\"7247\" class=\"elementor elementor-7247\" data-elementor-post-type=\"page\">\n\t\t\t\t\t\t<section class=\"elementor-section elementor-top-section elementor-element elementor-element-1949b5d elementor-section-boxed elementor-section-height-default elementor-section-height-default\" data-id=\"1949b5d\" data-element_type=\"section\" data-e-type=\"section\">\n\t\t\t\t\t\t<div class=\"elementor-container elementor-column-gap-default\">\n\t\t\t\t\t<div class=\"elementor-column elementor-col-100 elementor-top-column elementor-element elementor-element-704495d\" data-id=\"704495d\" data-element_type=\"column\" data-e-type=\"column\">\n\t\t\t<div class=\"elementor-widget-wrap elementor-element-populated\">\n\t\t\t\t\t\t<div class=\"elementor-element elementor-element-ec74d50 elementor-widget elementor-widget-spacer\" data-id=\"ec74d50\" data-element_type=\"widget\" data-e-type=\"widget\" data-widget_type=\"spacer.default\">\n\t\t\t\t<div class=\"elementor-widget-container\">\n\t\t\t\t\t\t\t<div class=\"elementor-spacer\">\n\t\t\t<div class=\"elementor-spacer-inner\"><\/div>\n\t\t<\/div>\n\t\t\t\t\t\t<\/div>\n\t\t\t\t<\/div>\n\t\t\t\t\t<\/div>\n\t\t<\/div>\n\t\t\t\t\t<\/div>\n\t\t<\/section>\n\t\t\t\t<section class=\"elementor-section elementor-top-section elementor-element elementor-element-66677ef2 elementor-section-stretched elementor-section-boxed elementor-section-height-default elementor-section-height-default\" data-id=\"66677ef2\" data-element_type=\"section\" data-e-type=\"section\" data-settings=\"{&quot;stretch_section&quot;:&quot;section-stretched&quot;}\">\n\t\t\t\t\t\t<div class=\"elementor-container elementor-column-gap-default\">\n\t\t\t\t\t<div class=\"elementor-column elementor-col-100 elementor-top-column elementor-element elementor-element-16907e70\" data-id=\"16907e70\" data-element_type=\"column\" data-e-type=\"column\">\n\t\t\t<div class=\"elementor-widget-wrap elementor-element-populated\">\n\t\t\t\t\t\t<div class=\"elementor-element elementor-element-9dabc73 elementor-widget elementor-widget-heading\" data-id=\"9dabc73\" data-element_type=\"widget\" data-e-type=\"widget\" data-widget_type=\"heading.default\">\n\t\t\t\t<div class=\"elementor-widget-container\">\n\t\t\t\t\t<h1 class=\"elementor-heading-title elementor-size-large\">Bogot\u00e1: Airport-Hotel-Airport Transportation<\/h1>\t\t\t\t<\/div>\n\t\t\t\t<\/div>\n\t\t\t\t<div class=\"elementor-element elementor-element-5deeee7 elementor-widget elementor-widget-spacer\" data-id=\"5deeee7\" data-element_type=\"widget\" data-e-type=\"widget\" data-widget_type=\"spacer.default\">\n\t\t\t\t<div class=\"elementor-widget-container\">\n\t\t\t\t\t\t\t<div class=\"elementor-spacer\">\n\t\t\t<div class=\"elementor-spacer-inner\"><\/div>\n\t\t<\/div>\n\t\t\t\t\t\t<\/div>\n\t\t\t\t<\/div>\n\t\t\t\t\t<\/div>\n\t\t<\/div>\n\t\t\t\t\t<\/div>\n\t\t<\/section>\n\t\t\t\t<section class=\"elementor-section elementor-top-section elementor-element elementor-element-3a37ecc3 elementor-section-stretched elementor-section-boxed elementor-section-height-default elementor-section-height-default\" data-id=\"3a37ecc3\" data-element_type=\"section\" data-e-type=\"section\" data-settings=\"{&quot;stretch_section&quot;:&quot;section-stretched&quot;}\">\n\t\t\t\t\t\t<div class=\"elementor-container elementor-column-gap-default\">\n\t\t\t\t\t<div class=\"elementor-column elementor-col-50 elementor-top-column elementor-element elementor-element-17d4a152\" data-id=\"17d4a152\" data-element_type=\"column\" data-e-type=\"column\">\n\t\t\t<div class=\"elementor-widget-wrap elementor-element-populated\">\n\t\t\t\t\t\t<div class=\"elementor-element elementor-element-00423f6 elementor-widget elementor-widget-text-editor\" data-id=\"00423f6\" data-element_type=\"widget\" data-e-type=\"widget\" data-widget_type=\"text-editor.default\">\n\t\t\t\t<div class=\"elementor-widget-container\">\n\t\t\t\t\t\t\t\t\t<p><strong>It is a reliable and safe private service that is performed in special tourism vehicles<\/strong>. One of our drivers will be waiting for you at the departure of national or international arrivals with a notice with your name so you can identify it.<\/p><p>\u00a0<\/p><p><strong>Information needed to schedule the service:<\/strong>\u00a0Name, ID, Nationality, arrival or departure flight number (as applicable), hotel address or place of stay and a contact WhatsApp number, inform if you have any health requirements.<\/p>\t\t\t\t\t\t\t\t<\/div>\n\t\t\t\t<\/div>\n\t\t\t\t<div class=\"elementor-element elementor-element-58a73cd elementor-icon-list--layout-traditional elementor-list-item-link-full_width elementor-widget elementor-widget-icon-list\" data-id=\"58a73cd\" data-element_type=\"widget\" data-e-type=\"widget\" data-widget_type=\"icon-list.default\">\n\t\t\t\t<div class=\"elementor-widget-container\">\n\t\t\t\t\t\t\t<ul class=\"elementor-icon-list-items\">\n\t\t\t\t\t\t\t<li class=\"elementor-icon-list-item\">\n\t\t\t\t\t\t\t\t\t\t\t<span class=\"elementor-icon-list-icon\">\n\t\t\t\t\t\t\t<i aria-hidden=\"true\" class=\"fas fa-chevron-circle-right\"><\/i>\t\t\t\t\t\t<\/span>\n\t\t\t\t\t\t\t\t\t\t<span class=\"elementor-icon-list-text\"><b>Time we will wait for the arrival of the client:<\/b> 1 hour.<\/span>\n\t\t\t\t\t\t\t\t\t<\/li>\n\t\t\t\t\t\t\t\t<li class=\"elementor-icon-list-item\">\n\t\t\t\t\t\t\t\t\t\t\t<span class=\"elementor-icon-list-icon\">\n\t\t\t\t\t\t\t<i aria-hidden=\"true\" class=\"fas fa-chevron-circle-right\"><\/i>\t\t\t\t\t\t<\/span>\n\t\t\t\t\t\t\t\t\t\t<span class=\"elementor-icon-list-text\"><b>Airport - hotel:<\/b> Price per 4-passenger car = $ 25 USD (recommended for 1 or 2 people, maximum 3 with little luggage).<\/span>\n\t\t\t\t\t\t\t\t\t<\/li>\n\t\t\t\t\t\t\t\t<li class=\"elementor-icon-list-item\">\n\t\t\t\t\t\t\t\t\t\t\t<span class=\"elementor-icon-list-icon\">\n\t\t\t\t\t\t\t<i aria-hidden=\"true\" class=\"fas fa-chevron-circle-right\"><\/i>\t\t\t\t\t\t<\/span>\n\t\t\t\t\t\t\t\t\t\t<span class=\"elementor-icon-list-text\"><b>Hoel - Airport:<\/b> Price per 4-passenger car = $ 20 USD (recommended for 1 or 2 people, maximum 3 with little luggage)<\/span>\n\t\t\t\t\t\t\t\t\t<\/li>\n\t\t\t\t\t\t<\/ul>\n\t\t\t\t\t\t<\/div>\n\t\t\t\t<\/div>\n\t\t\t\t\t<\/div>\n\t\t<\/div>\n\t\t\t\t<div class=\"elementor-column elementor-col-50 elementor-top-column elementor-element elementor-element-3683423\" data-id=\"3683423\" data-element_type=\"column\" data-e-type=\"column\">\n\t\t\t<div class=\"elementor-widget-wrap elementor-element-populated\">\n\t\t\t\t\t\t<div class=\"elementor-element elementor-element-dea2013 elementor-widget elementor-widget-image\" data-id=\"dea2013\" data-element_type=\"widget\" data-e-type=\"widget\" data-widget_type=\"image.default\">\n\t\t\t\t<div class=\"elementor-widget-container\">\n\t\t\t\t\t\t\t\t\t\t\t\t\t\t\t<img fetchpriority=\"high\" decoding=\"async\" width=\"495\" height=\"400\" src=\"https:\/\/premiumimplantnetwork.com\/wp-content\/uploads\/Hotel-Aereopuerto-Hotel-495x400-1.jpg\" class=\"attachment-medium_large size-medium_large wp-image-30124\" alt=\"\" srcset=\"https:\/\/premiumimplantnetwork.com\/wp-content\/uploads\/Hotel-Aereopuerto-Hotel-495x400-1.jpg 495w, https:\/\/premiumimplantnetwork.com\/wp-content\/uploads\/Hotel-Aereopuerto-Hotel-495x400-1-300x242.jpg 300w, https:\/\/premiumimplantnetwork.com\/wp-content\/uploads\/Hotel-Aereopuerto-Hotel-495x400-1-150x121.jpg 150w\" sizes=\"(max-width: 495px) 100vw, 495px\" \/>\t\t\t\t\t\t\t\t\t\t\t\t\t\t\t<\/div>\n\t\t\t\t<\/div>\n\t\t\t\t\t<\/div>\n\t\t<\/div>\n\t\t\t\t\t<\/div>\n\t\t<\/section>\n\t\t\t\t<section class=\"elementor-section elementor-top-section elementor-element elementor-element-6e1d74be elementor-section-stretched elementor-section-boxed elementor-section-height-default elementor-section-height-default\" data-id=\"6e1d74be\" data-element_type=\"section\" data-e-type=\"section\" data-settings=\"{&quot;background_background&quot;:&quot;classic&quot;,&quot;stretch_section&quot;:&quot;section-stretched&quot;}\">\n\t\t\t\t\t\t<div class=\"elementor-container elementor-column-gap-default\">\n\t\t\t\t\t<div class=\"elementor-column elementor-col-100 elementor-top-column elementor-element elementor-element-7dd55ee7\" data-id=\"7dd55ee7\" data-element_type=\"column\" data-e-type=\"column\">\n\t\t\t<div class=\"elementor-widget-wrap elementor-element-populated\">\n\t\t\t\t\t\t<div class=\"elementor-element elementor-element-f441397 elementor-widget elementor-widget-heading\" data-id=\"f441397\" data-element_type=\"widget\" data-e-type=\"widget\" data-widget_type=\"heading.default\">\n\t\t\t\t<div class=\"elementor-widget-container\">\n\t\t\t\t\t<h2 class=\"elementor-heading-title elementor-size-large\">Leave us your information to communicate with you<\/h2>\t\t\t\t<\/div>\n\t\t\t\t<\/div>\n\t\t\t\t<div class=\"elementor-element elementor-element-3c04e1b elementor-widget elementor-widget-spacer\" data-id=\"3c04e1b\" data-element_type=\"widget\" data-e-type=\"widget\" data-widget_type=\"spacer.default\">\n\t\t\t\t<div class=\"elementor-widget-container\">\n\t\t\t\t\t\t\t<div class=\"elementor-spacer\">\n\t\t\t<div class=\"elementor-spacer-inner\"><\/div>\n\t\t<\/div>\n\t\t\t\t\t\t<\/div>\n\t\t\t\t<\/div>\n\t\t\t\t\t<\/div>\n\t\t<\/div>\n\t\t\t\t\t<\/div>\n\t\t<\/section>\n\t\t\t\t<section class=\"elementor-section elementor-top-section elementor-element elementor-element-975860b elementor-section-stretched elementor-section-boxed elementor-section-height-default elementor-section-height-default\" data-id=\"975860b\" data-element_type=\"section\" data-e-type=\"section\" data-settings=\"{&quot;stretch_section&quot;:&quot;section-stretched&quot;}\">\n\t\t\t\t\t\t<div class=\"elementor-container elementor-column-gap-default\">\n\t\t\t\t\t<div class=\"elementor-column elementor-col-100 elementor-top-column elementor-element elementor-element-ac039b1\" data-id=\"ac039b1\" data-element_type=\"column\" data-e-type=\"column\">\n\t\t\t<div class=\"elementor-widget-wrap elementor-element-populated\">\n\t\t\t\t\t\t<div class=\"elementor-element elementor-element-8692a35 elementor-widget elementor-widget-shortcode\" data-id=\"8692a35\" data-element_type=\"widget\" data-e-type=\"widget\" data-widget_type=\"shortcode.default\">\n\t\t\t\t<div class=\"elementor-widget-container\">\n\t\t\t\t\t\t\t<div class=\"elementor-shortcode\">\n<div class=\"wpcf7 no-js\" id=\"wpcf7-f31066-o1\" lang=\"es-ES\" dir=\"ltr\" data-wpcf7-id=\"31066\">\n<div class=\"screen-reader-response\"><p role=\"status\" aria-live=\"polite\" aria-atomic=\"true\"><\/p> <ul><\/ul><\/div>\n<form action=\"\/en\/wp-json\/wp\/v2\/pages\/7247#wpcf7-f31066-o1\" method=\"post\" class=\"wpcf7-form init\" aria-label=\"Formulario de contacto\" novalidate=\"novalidate\" data-status=\"init\" data-trp-original-action=\"\/en\/wp-json\/wp\/v2\/pages\/7247#wpcf7-f31066-o1\">\n<fieldset class=\"hidden-fields-container\"><input type=\"hidden\" name=\"_wpcf7\" value=\"31066\" \/><input type=\"hidden\" name=\"_wpcf7_version\" value=\"6.1.5\" \/><input type=\"hidden\" name=\"_wpcf7_locale\" value=\"es_ES\" \/><input type=\"hidden\" name=\"_wpcf7_unit_tag\" value=\"wpcf7-f31066-o1\" \/><input type=\"hidden\" name=\"_wpcf7_container_post\" value=\"0\" \/><input type=\"hidden\" name=\"_wpcf7_posted_data_hash\" value=\"\" \/>\n<\/fieldset>\n<p><label> Name \/ Name<br \/>\n<span class=\"wpcf7-form-control-wrap\" data-name=\"your-name\"><input size=\"40\" maxlength=\"400\" class=\"wpcf7-form-control wpcf7-text wpcf7-validates-as-required\" aria-required=\"true\" aria-invalid=\"false\" value=\"\" type=\"text\" name=\"your-name\" \/><\/span> <\/label>\n<\/p>\n<p><label> Pa\u00eds \/ Country<br \/>\n<span class=\"wpcf7-form-control-wrap\" data-name=\"pais\"><input size=\"40\" maxlength=\"400\" class=\"wpcf7-form-control wpcf7-text wpcf7-validates-as-required\" aria-required=\"true\" aria-invalid=\"false\" value=\"\" type=\"text\" name=\"pais\" \/><\/span><\/label><br \/>\n<label> Tel\u00e9fono \/ Phone<br \/>\n<span class=\"wpcf7-form-control-wrap\" data-name=\"telefono\"><input size=\"40\" maxlength=\"400\" class=\"wpcf7-form-control wpcf7-tel wpcf7-validates-as-required wpcf7-text wpcf7-validates-as-tel\" aria-required=\"true\" aria-invalid=\"false\" value=\"\" type=\"tel\" name=\"telefono\" \/><\/span><\/label>\n<\/p>\n<p><label> Email \/ E-mail<br \/>\n<span class=\"wpcf7-form-control-wrap\" data-name=\"your-email\"><input size=\"40\" maxlength=\"400\" class=\"wpcf7-form-control wpcf7-email wpcf7-validates-as-required wpcf7-text wpcf7-validates-as-email\" aria-required=\"true\" aria-invalid=\"false\" value=\"\" type=\"email\" name=\"your-email\" \/><\/span> <\/label>\n<\/p>\n<p><label> Message \/ Message<br \/>\n<span class=\"wpcf7-form-control-wrap\" data-name=\"your-message\"><textarea cols=\"40\" rows=\"10\" maxlength=\"2000\" class=\"wpcf7-form-control wpcf7-textarea\" aria-invalid=\"false\" name=\"your-message\"><\/textarea><\/span> <\/label>\n<\/p>\n<p><span class=\"wpcf7-form-control-wrap\" data-name=\"acceptance-78\"><span class=\"wpcf7-form-control wpcf7-acceptance\"><span class=\"wpcf7-list-item\"><label><input type=\"checkbox\" name=\"acceptance-78\" value=\"1\" aria-invalid=\"false\" \/><span class=\"wpcf7-list-item-label\">Al enviar acepto las Pol\u00edticas de Privacidad \/ By sending I accept the Privacy Policy<\/span><\/label><\/span><\/span><\/span>\n<\/p>\n<p><input class=\"wpcf7-form-control wpcf7-submit has-spinner\" type=\"submit\" value=\"Send\" \/>\n<\/p><div class=\"wpcf7-response-output\" aria-hidden=\"true\"><\/div>\n<input type=\"hidden\" name=\"trp-form-language\" value=\"en\"\/><\/form>\n<\/div>\n<\/div>\n\t\t\t\t\t\t<\/div>\n\t\t\t\t<\/div>\n\t\t\t\t\t<\/div>\n\t\t<\/div>\n\t\t\t\t\t<\/div>\n\t\t<\/section>\n\t\t\t\t<\/div>","protected":false},"excerpt":{"rendered":"<p>Bogot\u00e1: Transporte Aeropuerto Hotel Aeropuerto Es un servicio privado confiable y seguro que se realiza en veh\u00edculos especiales de turismo. Uno de nuestros conductores te estar\u00e1 esperando en la salida de llegadas nacionales o internacionales con un aviso con tu nombre para que puedas identificarlo. \u00a0 Informaci\u00f3n necesaria para poder agendar el servicio:\u00a0Nombre, ID, Nacionalidad, [&hellip;]<\/p>\n","protected":false},"author":2,"featured_media":0,"parent":217,"menu_order":4,"comment_status":"closed","ping_status":"closed","template":"","meta":{"footnotes":""},"class_list":["post-7247","page","type-page","status-publish","hentry"],"yoast_head":"<!-- This site is optimized with the Yoast SEO plugin v27.4 - https:\/\/yoast.com\/product\/yoast-seo-wordpress\/ -->\n<title>Bogot\u00e1: Transporte Aeropuerto Hotel Aeropuerto - premiumimplantnetwork Implantes Dentales<\/title>\n<meta name=\"robots\" content=\"index, follow, max-snippet:-1, max-image-preview:large, max-video-preview:-1\" \/>\n<link rel=\"canonical\" href=\"https:\/\/premiumimplantnetwork.com\/en\/turismo-dental\/bogota-transporte-aeropuerto-hotel-aeropuerto\/\" \/>\n<meta property=\"og:locale\" content=\"en_US\" \/>\n<meta property=\"og:type\" content=\"article\" \/>\n<meta property=\"og:title\" content=\"Bogot\u00e1: Transporte Aeropuerto Hotel Aeropuerto - premiumimplantnetwork Implantes Dentales\" \/>\n<meta property=\"og:description\" content=\"Bogot\u00e1: Transporte Aeropuerto Hotel Aeropuerto Es un servicio privado confiable y seguro que se realiza en veh\u00edculos especiales de turismo. Uno de nuestros conductores te estar\u00e1 esperando en la salida de llegadas nacionales o internacionales con un aviso con tu nombre para que puedas identificarlo. \u00a0 Informaci\u00f3n necesaria para poder agendar el servicio:\u00a0Nombre, ID, Nacionalidad, [&hellip;]\" \/>\n<meta property=\"og:url\" content=\"https:\/\/premiumimplantnetwork.com\/en\/turismo-dental\/bogota-transporte-aeropuerto-hotel-aeropuerto\/\" \/>\n<meta property=\"og:site_name\" content=\"premiumimplantnetwork Implantes Dentales\" \/>\n<meta property=\"article:publisher\" content=\"https:\/\/www.facebook.com\/PremiumImplantNetwork\/\" \/>\n<meta property=\"article:modified_time\" content=\"2022-01-22T22:20:02+00:00\" \/>\n<meta property=\"og:image\" content=\"https:\/\/premiumimplantnetwork.com\/wp-content\/uploads\/Hotel-Aereopuerto-Hotel-495x400-1.jpg\" \/>\n<meta name=\"twitter:card\" content=\"summary_large_image\" \/>\n<meta name=\"twitter:label1\" content=\"Est. reading time\" \/>\n\t<meta name=\"twitter:data1\" content=\"1 minute\" \/>\n<script type=\"application\/ld+json\" class=\"yoast-schema-graph\">{\"@context\":\"https:\\\/\\\/schema.org\",\"@graph\":[{\"@type\":\"WebPage\",\"@id\":\"https:\\\/\\\/premiumimplantnetwork.com\\\/turismo-dental\\\/bogota-transporte-aeropuerto-hotel-aeropuerto\\\/\",\"url\":\"https:\\\/\\\/premiumimplantnetwork.com\\\/turismo-dental\\\/bogota-transporte-aeropuerto-hotel-aeropuerto\\\/\",\"name\":\"Bogot\u00e1: Transporte Aeropuerto Hotel Aeropuerto - premiumimplantnetwork Implantes Dentales\",\"isPartOf\":{\"@id\":\"https:\\\/\\\/premiumimplantnetwork.com\\\/#website\"},\"primaryImageOfPage\":{\"@id\":\"https:\\\/\\\/premiumimplantnetwork.com\\\/turismo-dental\\\/bogota-transporte-aeropuerto-hotel-aeropuerto\\\/#primaryimage\"},\"image\":{\"@id\":\"https:\\\/\\\/premiumimplantnetwork.com\\\/turismo-dental\\\/bogota-transporte-aeropuerto-hotel-aeropuerto\\\/#primaryimage\"},\"thumbnailUrl\":\"https:\\\/\\\/premiumimplantnetwork.com\\\/wp-content\\\/uploads\\\/Hotel-Aereopuerto-Hotel-495x400-1.jpg\",\"datePublished\":\"2020-01-29T23:58:30+00:00\",\"dateModified\":\"2022-01-22T22:20:02+00:00\",\"breadcrumb\":{\"@id\":\"https:\\\/\\\/premiumimplantnetwork.com\\\/turismo-dental\\\/bogota-transporte-aeropuerto-hotel-aeropuerto\\\/#breadcrumb\"},\"inLanguage\":\"en-US\",\"potentialAction\":[{\"@type\":\"ReadAction\",\"target\":[\"https:\\\/\\\/premiumimplantnetwork.com\\\/turismo-dental\\\/bogota-transporte-aeropuerto-hotel-aeropuerto\\\/\"]}]},{\"@type\":\"ImageObject\",\"inLanguage\":\"en-US\",\"@id\":\"https:\\\/\\\/premiumimplantnetwork.com\\\/turismo-dental\\\/bogota-transporte-aeropuerto-hotel-aeropuerto\\\/#primaryimage\",\"url\":\"https:\\\/\\\/premiumimplantnetwork.com\\\/wp-content\\\/uploads\\\/Hotel-Aereopuerto-Hotel-495x400-1.jpg\",\"contentUrl\":\"https:\\\/\\\/premiumimplantnetwork.com\\\/wp-content\\\/uploads\\\/Hotel-Aereopuerto-Hotel-495x400-1.jpg\"},{\"@type\":\"BreadcrumbList\",\"@id\":\"https:\\\/\\\/premiumimplantnetwork.com\\\/turismo-dental\\\/bogota-transporte-aeropuerto-hotel-aeropuerto\\\/#breadcrumb\",\"itemListElement\":[{\"@type\":\"ListItem\",\"position\":1,\"name\":\"Portada\",\"item\":\"https:\\\/\\\/premiumimplantnetwork.com\\\/\"},{\"@type\":\"ListItem\",\"position\":2,\"name\":\"Turismo Dental\",\"item\":\"https:\\\/\\\/premiumimplantnetwork.com\\\/turismo-dental\\\/\"},{\"@type\":\"ListItem\",\"position\":3,\"name\":\"Bogot\u00e1: Transporte Aeropuerto Hotel Aeropuerto\"}]},{\"@type\":\"WebSite\",\"@id\":\"https:\\\/\\\/premiumimplantnetwork.com\\\/#website\",\"url\":\"https:\\\/\\\/premiumimplantnetwork.com\\\/\",\"name\":\"premiumimplantnetwork Implantes Dentales\",\"description\":\"Somos Premium Implant Network - PIN, una red de expertos en implantes dentales en Bogot\u00e1, y otras ciudades de Colombia.\",\"publisher\":{\"@id\":\"https:\\\/\\\/premiumimplantnetwork.com\\\/#organization\"},\"potentialAction\":[{\"@type\":\"SearchAction\",\"target\":{\"@type\":\"EntryPoint\",\"urlTemplate\":\"https:\\\/\\\/premiumimplantnetwork.com\\\/?s={search_term_string}\"},\"query-input\":{\"@type\":\"PropertyValueSpecification\",\"valueRequired\":true,\"valueName\":\"search_term_string\"}}],\"inLanguage\":\"en-US\"},{\"@type\":\"Organization\",\"@id\":\"https:\\\/\\\/premiumimplantnetwork.com\\\/#organization\",\"name\":\"premiumimplantnetwork Implantes Dentales\",\"url\":\"https:\\\/\\\/premiumimplantnetwork.com\\\/\",\"logo\":{\"@type\":\"ImageObject\",\"inLanguage\":\"en-US\",\"@id\":\"https:\\\/\\\/premiumimplantnetwork.com\\\/#\\\/schema\\\/logo\\\/image\\\/\",\"url\":\"https:\\\/\\\/premiumimplantnetwork.com\\\/wp-content\\\/uploads\\\/cropped-Logo-premium-implant-network.jpg\",\"contentUrl\":\"https:\\\/\\\/premiumimplantnetwork.com\\\/wp-content\\\/uploads\\\/cropped-Logo-premium-implant-network.jpg\",\"width\":186,\"height\":86,\"caption\":\"premiumimplantnetwork Implantes Dentales\"},\"image\":{\"@id\":\"https:\\\/\\\/premiumimplantnetwork.com\\\/#\\\/schema\\\/logo\\\/image\\\/\"},\"sameAs\":[\"https:\\\/\\\/www.facebook.com\\\/PremiumImplantNetwork\\\/\"]}]}<\/script>\n<!-- \/ Yoast SEO plugin. -->","yoast_head_json":{"title":"Bogot\u00e1: Transporte Aeropuerto Hotel Aeropuerto - premiumimplantnetwork Implantes Dentales","robots":{"index":"index","follow":"follow","max-snippet":"max-snippet:-1","max-image-preview":"max-image-preview:large","max-video-preview":"max-video-preview:-1"},"canonical":"https:\/\/premiumimplantnetwork.com\/en\/turismo-dental\/bogota-transporte-aeropuerto-hotel-aeropuerto\/","og_locale":"en_US","og_type":"article","og_title":"Bogot\u00e1: Transporte Aeropuerto Hotel Aeropuerto - premiumimplantnetwork Implantes Dentales","og_description":"Bogot\u00e1: Transporte Aeropuerto Hotel Aeropuerto Es un servicio privado confiable y seguro que se realiza en veh\u00edculos especiales de turismo. Uno de nuestros conductores te estar\u00e1 esperando en la salida de llegadas nacionales o internacionales con un aviso con tu nombre para que puedas identificarlo. \u00a0 Informaci\u00f3n necesaria para poder agendar el servicio:\u00a0Nombre, ID, Nacionalidad, [&hellip;]","og_url":"https:\/\/premiumimplantnetwork.com\/en\/turismo-dental\/bogota-transporte-aeropuerto-hotel-aeropuerto\/","og_site_name":"premiumimplantnetwork Implantes Dentales","article_publisher":"https:\/\/www.facebook.com\/PremiumImplantNetwork\/","article_modified_time":"2022-01-22T22:20:02+00:00","og_image":[{"url":"https:\/\/premiumimplantnetwork.com\/wp-content\/uploads\/Hotel-Aereopuerto-Hotel-495x400-1.jpg","type":"","width":"","height":""}],"twitter_card":"summary_large_image","twitter_misc":{"Est. reading time":"1 minute"},"schema":{"@context":"https:\/\/schema.org","@graph":[{"@type":"WebPage","@id":"https:\/\/premiumimplantnetwork.com\/turismo-dental\/bogota-transporte-aeropuerto-hotel-aeropuerto\/","url":"https:\/\/premiumimplantnetwork.com\/turismo-dental\/bogota-transporte-aeropuerto-hotel-aeropuerto\/","name":"Bogot\u00e1: Transporte Aeropuerto Hotel Aeropuerto - premiumimplantnetwork Implantes Dentales","isPartOf":{"@id":"https:\/\/premiumimplantnetwork.com\/#website"},"primaryImageOfPage":{"@id":"https:\/\/premiumimplantnetwork.com\/turismo-dental\/bogota-transporte-aeropuerto-hotel-aeropuerto\/#primaryimage"},"image":{"@id":"https:\/\/premiumimplantnetwork.com\/turismo-dental\/bogota-transporte-aeropuerto-hotel-aeropuerto\/#primaryimage"},"thumbnailUrl":"https:\/\/premiumimplantnetwork.com\/wp-content\/uploads\/Hotel-Aereopuerto-Hotel-495x400-1.jpg","datePublished":"2020-01-29T23:58:30+00:00","dateModified":"2022-01-22T22:20:02+00:00","breadcrumb":{"@id":"https:\/\/premiumimplantnetwork.com\/turismo-dental\/bogota-transporte-aeropuerto-hotel-aeropuerto\/#breadcrumb"},"inLanguage":"en-US","potentialAction":[{"@type":"ReadAction","target":["https:\/\/premiumimplantnetwork.com\/turismo-dental\/bogota-transporte-aeropuerto-hotel-aeropuerto\/"]}]},{"@type":"ImageObject","inLanguage":"en-US","@id":"https:\/\/premiumimplantnetwork.com\/turismo-dental\/bogota-transporte-aeropuerto-hotel-aeropuerto\/#primaryimage","url":"https:\/\/premiumimplantnetwork.com\/wp-content\/uploads\/Hotel-Aereopuerto-Hotel-495x400-1.jpg","contentUrl":"https:\/\/premiumimplantnetwork.com\/wp-content\/uploads\/Hotel-Aereopuerto-Hotel-495x400-1.jpg"},{"@type":"BreadcrumbList","@id":"https:\/\/premiumimplantnetwork.com\/turismo-dental\/bogota-transporte-aeropuerto-hotel-aeropuerto\/#breadcrumb","itemListElement":[{"@type":"ListItem","position":1,"name":"Portada","item":"https:\/\/premiumimplantnetwork.com\/"},{"@type":"ListItem","position":2,"name":"Turismo Dental","item":"https:\/\/premiumimplantnetwork.com\/turismo-dental\/"},{"@type":"ListItem","position":3,"name":"Bogot\u00e1: Transporte Aeropuerto Hotel Aeropuerto"}]},{"@type":"WebSite","@id":"https:\/\/premiumimplantnetwork.com\/#website","url":"https:\/\/premiumimplantnetwork.com\/","name":"premiumimplantnetwork Dental Implants","description":"We are Premium Implant Network - PIN, a network of experts in dental implants in Bogot\u00e1, and other cities in Colombia.","publisher":{"@id":"https:\/\/premiumimplantnetwork.com\/#organization"},"potentialAction":[{"@type":"SearchAction","target":{"@type":"EntryPoint","urlTemplate":"https:\/\/premiumimplantnetwork.com\/?s={search_term_string}"},"query-input":{"@type":"PropertyValueSpecification","valueRequired":true,"valueName":"search_term_string"}}],"inLanguage":"en-US"},{"@type":"Organization","@id":"https:\/\/premiumimplantnetwork.com\/#organization","name":"premiumimplantnetwork Dental Implants","url":"https:\/\/premiumimplantnetwork.com\/","logo":{"@type":"ImageObject","inLanguage":"en-US","@id":"https:\/\/premiumimplantnetwork.com\/#\/schema\/logo\/image\/","url":"https:\/\/premiumimplantnetwork.com\/wp-content\/uploads\/cropped-Logo-premium-implant-network.jpg","contentUrl":"https:\/\/premiumimplantnetwork.com\/wp-content\/uploads\/cropped-Logo-premium-implant-network.jpg","width":186,"height":86,"caption":"premiumimplantnetwork Implantes Dentales"},"image":{"@id":"https:\/\/premiumimplantnetwork.com\/#\/schema\/logo\/image\/"},"sameAs":["https:\/\/www.facebook.com\/PremiumImplantNetwork\/"]}]}},"_links":{"self":[{"href":"https:\/\/premiumimplantnetwork.com\/en\/wp-json\/wp\/v2\/pages\/7247","targetHints":{"allow":["GET"]}}],"collection":[{"href":"https:\/\/premiumimplantnetwork.com\/en\/wp-json\/wp\/v2\/pages"}],"about":[{"href":"https:\/\/premiumimplantnetwork.com\/en\/wp-json\/wp\/v2\/types\/page"}],"author":[{"embeddable":true,"href":"https:\/\/premiumimplantnetwork.com\/en\/wp-json\/wp\/v2\/users\/2"}],"replies":[{"embeddable":true,"href":"https:\/\/premiumimplantnetwork.com\/en\/wp-json\/wp\/v2\/comments?post=7247"}],"version-history":[{"count":21,"href":"https:\/\/premiumimplantnetwork.com\/en\/wp-json\/wp\/v2\/pages\/7247\/revisions"}],"predecessor-version":[{"id":31509,"href":"https:\/\/premiumimplantnetwork.com\/en\/wp-json\/wp\/v2\/pages\/7247\/revisions\/31509"}],"up":[{"embeddable":true,"href":"https:\/\/premiumimplantnetwork.com\/en\/wp-json\/wp\/v2\/pages\/217"}],"wp:attachment":[{"href":"https:\/\/premiumimplantnetwork.com\/en\/wp-json\/wp\/v2\/media?parent=7247"}],"curies":[{"name":"wp","href":"https:\/\/api.w.org\/{rel}","templated":true}]}}