{"id":7292,"date":"2020-01-30T01:54:30","date_gmt":"2020-01-30T01:54:30","guid":{"rendered":"https:\/\/old.pinimplant.com\/turismo-dental\/bogota-tour-candelaria-museo-del-oro-copy\/"},"modified":"2022-01-22T18:27:00","modified_gmt":"2022-01-22T23:27:00","slug":"city-tour-panoramico-basico","status":"publish","type":"page","link":"https:\/\/premiumimplantnetwork.com\/en\/turismo-dental\/city-tour-panoramico-basico\/","title":{"rendered":"Bogot\u00e1: Panoramic City Tour (Basic)"},"content":{"rendered":"<div data-elementor-type=\"wp-page\" data-elementor-id=\"7292\" class=\"elementor elementor-7292\" data-elementor-post-type=\"page\">\n\t\t\t\t\t\t<section class=\"elementor-section elementor-top-section elementor-element elementor-element-66677ef2 elementor-section-stretched elementor-section-boxed elementor-section-height-default elementor-section-height-default\" data-id=\"66677ef2\" data-element_type=\"section\" data-e-type=\"section\" data-settings=\"{&quot;stretch_section&quot;:&quot;section-stretched&quot;}\">\n\t\t\t\t\t\t<div class=\"elementor-container elementor-column-gap-no\">\n\t\t\t\t\t<div class=\"elementor-column elementor-col-100 elementor-top-column elementor-element elementor-element-16907e70\" data-id=\"16907e70\" data-element_type=\"column\" data-e-type=\"column\">\n\t\t\t<div class=\"elementor-widget-wrap elementor-element-populated\">\n\t\t\t\t\t\t<div class=\"elementor-element elementor-element-1557712 elementor-widget elementor-widget-spacer\" data-id=\"1557712\" data-element_type=\"widget\" data-e-type=\"widget\" data-widget_type=\"spacer.default\">\n\t\t\t\t<div class=\"elementor-widget-container\">\n\t\t\t\t\t\t\t<div class=\"elementor-spacer\">\n\t\t\t<div class=\"elementor-spacer-inner\"><\/div>\n\t\t<\/div>\n\t\t\t\t\t\t<\/div>\n\t\t\t\t<\/div>\n\t\t\t\t<div class=\"elementor-element elementor-element-9dabc73 elementor-widget elementor-widget-heading\" data-id=\"9dabc73\" data-element_type=\"widget\" data-e-type=\"widget\" data-widget_type=\"heading.default\">\n\t\t\t\t<div class=\"elementor-widget-container\">\n\t\t\t\t\t<h1 class=\"elementor-heading-title elementor-size-large\">Bogot\u00e1: Panoramic City Tour (Basic)<\/h1>\t\t\t\t<\/div>\n\t\t\t\t<\/div>\n\t\t\t\t<div class=\"elementor-element elementor-element-5deeee7 elementor-widget elementor-widget-spacer\" data-id=\"5deeee7\" data-element_type=\"widget\" data-e-type=\"widget\" data-widget_type=\"spacer.default\">\n\t\t\t\t<div class=\"elementor-widget-container\">\n\t\t\t\t\t\t\t<div class=\"elementor-spacer\">\n\t\t\t<div class=\"elementor-spacer-inner\"><\/div>\n\t\t<\/div>\n\t\t\t\t\t\t<\/div>\n\t\t\t\t<\/div>\n\t\t\t\t\t<\/div>\n\t\t<\/div>\n\t\t\t\t\t<\/div>\n\t\t<\/section>\n\t\t\t\t<section class=\"elementor-section elementor-top-section elementor-element elementor-element-3a37ecc3 elementor-section-stretched elementor-section-boxed elementor-section-height-default elementor-section-height-default\" data-id=\"3a37ecc3\" data-element_type=\"section\" data-e-type=\"section\" data-settings=\"{&quot;stretch_section&quot;:&quot;section-stretched&quot;}\">\n\t\t\t\t\t\t<div class=\"elementor-container elementor-column-gap-default\">\n\t\t\t\t\t<div class=\"elementor-column elementor-col-50 elementor-top-column elementor-element elementor-element-17d4a152\" data-id=\"17d4a152\" data-element_type=\"column\" data-e-type=\"column\">\n\t\t\t<div class=\"elementor-widget-wrap elementor-element-populated\">\n\t\t\t\t\t\t<div class=\"elementor-element elementor-element-00423f6 elementor-widget elementor-widget-text-editor\" data-id=\"00423f6\" data-element_type=\"widget\" data-e-type=\"widget\" data-widget_type=\"text-editor.default\">\n\t\t\t\t<div class=\"elementor-widget-container\">\n\t\t\t\t\t\t\t\t\t<p style=\"margin: 0.85em 0px; padding: 0px; border: 0px #ebebeb; font-variant-numeric: inherit; font-variant-east-asian: inherit; font-stretch: inherit; line-height: inherit;\"><em><span style=\"margin: 0px; padding: 0px; border: 0px none #ebebeb; font-variant: inherit; font-stretch: inherit; font-size: inherit; line-height: inherit; font-family: inherit; vertical-align: baseline; color: inherit;\">\u00abDisfrute un recorrido que enmarca 479 a\u00f1os de historia\u00bb<\/span><\/em><\/p><p>\u00a0<\/p><p style=\"margin: 0.85em 0px; padding: 0px; border: 0px #ebebeb; font-variant-numeric: inherit; font-variant-east-asian: inherit; font-stretch: inherit; line-height: inherit;\"><span style=\"margin: 0px; padding: 0px; border: 0px #ebebeb; font-style: inherit; font-variant: inherit; font-stretch: inherit; font-size: inherit; line-height: inherit; font-family: inherit; vertical-align: baseline; color: inherit;\">If you would like to know more than the\u00a0<\/span><b style=\"margin: 0px; padding: 0px; border: 0px #ebebeb; font-style: inherit; font-variant: inherit; font-stretch: inherit; font-size: inherit; line-height: inherit; font-family: inherit; vertical-align: baseline; color: inherit;\">historic center (Candelaria),<\/b><span style=\"margin: 0px; padding: 0px; border: 0px #ebebeb; font-style: inherit; font-variant: inherit; font-stretch: inherit; font-size: inherit; line-height: inherit; font-family: inherit; vertical-align: baseline; color: inherit;\">\u00a0you must take our panoramic tour of the city. It is an excellent option, from where you can visit different areas of the city, such as Usaqu\u00e9n, Parque de la 93, Zona Rosa, downtown, La Candelaria and the area of the El Camp\u00edn stadium (near Sim\u00f3n Bol\u00edvar Park ). We use special vehicles with comfortable seats, designed routes and special service. You can take some photos along the way and we will stop at some areas for a little walk. During the tour we talked about the city, Colombia, economic and political issues, and some questions you may have.\u00a0<\/span><\/p><p>\u00a0<\/p><p><strong style=\"margin: 0px; padding: 0px; border: 0px #ebebeb; font-style: inherit; font-variant: inherit; font-weight: bold; font-stretch: inherit; font-size: inherit; line-height: inherit; font-family: inherit; vertical-align: baseline; color: inherit;\">Highlights to visit:<\/strong><span style=\"margin: 0px; padding: 0px; border: 0px #ebebeb; font-style: inherit; font-variant: inherit; font-stretch: inherit; font-size: inherit; line-height: inherit; font-family: inherit; vertical-align: baseline; color: inherit;\"><strong style=\"margin: 0px; padding: 0px; border: 0px #ebebeb; font-style: inherit; font-variant: inherit; font-weight: bold; font-stretch: inherit; font-size: inherit; line-height: inherit; font-family: inherit; vertical-align: baseline; color: inherit;\">:<\/strong> Usaqu\u00e9n, Parque de la 93, Zona T, Zona G, part of the Candelaria, Green Zone.<\/span><\/p>\t\t\t\t\t\t\t\t<\/div>\n\t\t\t\t<\/div>\n\t\t\t\t<div class=\"elementor-element elementor-element-9edc620 elementor-widget elementor-widget-spacer\" data-id=\"9edc620\" data-element_type=\"widget\" data-e-type=\"widget\" data-widget_type=\"spacer.default\">\n\t\t\t\t<div class=\"elementor-widget-container\">\n\t\t\t\t\t\t\t<div class=\"elementor-spacer\">\n\t\t\t<div class=\"elementor-spacer-inner\"><\/div>\n\t\t<\/div>\n\t\t\t\t\t\t<\/div>\n\t\t\t\t<\/div>\n\t\t\t\t<div class=\"elementor-element elementor-element-5485d13 elementor-icon-list--layout-traditional elementor-list-item-link-full_width elementor-widget elementor-widget-icon-list\" data-id=\"5485d13\" data-element_type=\"widget\" data-e-type=\"widget\" data-widget_type=\"icon-list.default\">\n\t\t\t\t<div class=\"elementor-widget-container\">\n\t\t\t\t\t\t\t<ul class=\"elementor-icon-list-items\">\n\t\t\t\t\t\t\t<li class=\"elementor-icon-list-item\">\n\t\t\t\t\t\t\t\t\t\t\t<span class=\"elementor-icon-list-icon\">\n\t\t\t\t\t\t\t<i aria-hidden=\"true\" class=\"fas fa-chevron-circle-right\"><\/i>\t\t\t\t\t\t<\/span>\n\t\t\t\t\t\t\t\t\t\t<span class=\"elementor-icon-list-text\">\u200b<b>Start and end place:<\/b>\u200b Where the customer indicates.<\/span>\n\t\t\t\t\t\t\t\t\t<\/li>\n\t\t\t\t\t\t\t\t<li class=\"elementor-icon-list-item\">\n\t\t\t\t\t\t\t\t\t\t\t<span class=\"elementor-icon-list-icon\">\n\t\t\t\t\t\t\t<i aria-hidden=\"true\" class=\"fas fa-chevron-circle-right\"><\/i>\t\t\t\t\t\t<\/span>\n\t\t\t\t\t\t\t\t\t\t<span class=\"elementor-icon-list-text\">\u200b<b>Start time:<\/b>\u200b 9 am in the park of 93 or 10 am in the candelaria (the collection time will be indicated according to the location to reach the points at the indicated time).<\/span>\n\t\t\t\t\t\t\t\t\t<\/li>\n\t\t\t\t\t\t\t\t<li class=\"elementor-icon-list-item\">\n\t\t\t\t\t\t\t\t\t\t\t<span class=\"elementor-icon-list-icon\">\n\t\t\t\t\t\t\t<i aria-hidden=\"true\" class=\"fas fa-chevron-circle-right\"><\/i>\t\t\t\t\t\t<\/span>\n\t\t\t\t\t\t\t\t\t\t<span class=\"elementor-icon-list-text\">\u200b<b>Duration:<\/b>\u200b 4 hours approximately.<\/span>\n\t\t\t\t\t\t\t\t\t<\/li>\n\t\t\t\t\t\t\t\t<li class=\"elementor-icon-list-item\">\n\t\t\t\t\t\t\t\t\t\t\t<span class=\"elementor-icon-list-icon\">\n\t\t\t\t\t\t\t<i aria-hidden=\"true\" class=\"fas fa-chevron-circle-right\"><\/i>\t\t\t\t\t\t<\/span>\n\t\t\t\t\t\t\t\t\t\t<span class=\"elementor-icon-list-text\"><b>\u200bIdioma:<\/b>\u200b Spanish, English. <\/span>\n\t\t\t\t\t\t\t\t\t<\/li>\n\t\t\t\t\t\t\t\t<li class=\"elementor-icon-list-item\">\n\t\t\t\t\t\t\t\t\t\t\t<span class=\"elementor-icon-list-icon\">\n\t\t\t\t\t\t\t<i aria-hidden=\"true\" class=\"fas fa-chevron-circle-right\"><\/i>\t\t\t\t\t\t<\/span>\n\t\t\t\t\t\t\t\t\t\t<span class=\"elementor-icon-list-text\">\u200b<b>Includes:<\/b>\u200b Transportation from the hotel to the start and return points to the hotel (driver in Spanish) and assistance insurance during the tour.<\/span>\n\t\t\t\t\t\t\t\t\t<\/li>\n\t\t\t\t\t\t\t\t<li class=\"elementor-icon-list-item\">\n\t\t\t\t\t\t\t\t\t\t\t<span class=\"elementor-icon-list-icon\">\n\t\t\t\t\t\t\t<i aria-hidden=\"true\" class=\"fas fa-chevron-circle-right\"><\/i>\t\t\t\t\t\t<\/span>\n\t\t\t\t\t\t\t\t\t\t<span class=\"elementor-icon-list-text\"><b>Does not include:<\/b> Lunch, tips, expenses not specified.<\/span>\n\t\t\t\t\t\t\t\t\t<\/li>\n\t\t\t\t\t\t<\/ul>\n\t\t\t\t\t\t<\/div>\n\t\t\t\t<\/div>\n\t\t\t\t<div class=\"elementor-element elementor-element-97a66ab elementor-widget elementor-widget-spacer\" data-id=\"97a66ab\" data-element_type=\"widget\" data-e-type=\"widget\" data-widget_type=\"spacer.default\">\n\t\t\t\t<div class=\"elementor-widget-container\">\n\t\t\t\t\t\t\t<div class=\"elementor-spacer\">\n\t\t\t<div class=\"elementor-spacer-inner\"><\/div>\n\t\t<\/div>\n\t\t\t\t\t\t<\/div>\n\t\t\t\t<\/div>\n\t\t\t\t<div class=\"elementor-element elementor-element-24ab8d9 elementor-widget elementor-widget-text-editor\" data-id=\"24ab8d9\" data-element_type=\"widget\" data-e-type=\"widget\" data-widget_type=\"text-editor.default\">\n\t\t\t\t<div class=\"elementor-widget-container\">\n\t\t\t\t\t\t\t\t\t<p><b>Price<\/b><b>: 30 USD per person<\/b><\/p><p><b>\u00a0<\/b><\/p>\t\t\t\t\t\t\t\t<\/div>\n\t\t\t\t<\/div>\n\t\t\t\t\t<\/div>\n\t\t<\/div>\n\t\t\t\t<div class=\"elementor-column elementor-col-50 elementor-top-column elementor-element elementor-element-3683423\" data-id=\"3683423\" data-element_type=\"column\" data-e-type=\"column\">\n\t\t\t<div class=\"elementor-widget-wrap elementor-element-populated\">\n\t\t\t\t\t\t<div class=\"elementor-element elementor-element-dea2013 elementor-widget elementor-widget-image\" data-id=\"dea2013\" data-element_type=\"widget\" data-e-type=\"widget\" data-widget_type=\"image.default\">\n\t\t\t\t<div class=\"elementor-widget-container\">\n\t\t\t\t\t\t\t\t\t\t\t\t\t\t\t<img fetchpriority=\"high\" decoding=\"async\" width=\"495\" height=\"400\" src=\"https:\/\/premiumimplantnetwork.com\/wp-content\/uploads\/City-tour-Bogota-panoramico-Basico-495x400-1.jpg\" class=\"attachment-medium_large size-medium_large wp-image-30128\" alt=\"\" srcset=\"https:\/\/premiumimplantnetwork.com\/wp-content\/uploads\/City-tour-Bogota-panoramico-Basico-495x400-1.jpg 495w, https:\/\/premiumimplantnetwork.com\/wp-content\/uploads\/City-tour-Bogota-panoramico-Basico-495x400-1-300x242.jpg 300w, https:\/\/premiumimplantnetwork.com\/wp-content\/uploads\/City-tour-Bogota-panoramico-Basico-495x400-1-150x121.jpg 150w\" sizes=\"(max-width: 495px) 100vw, 495px\" \/>\t\t\t\t\t\t\t\t\t\t\t\t\t\t\t<\/div>\n\t\t\t\t<\/div>\n\t\t\t\t\t<\/div>\n\t\t<\/div>\n\t\t\t\t\t<\/div>\n\t\t<\/section>\n\t\t\t\t<section class=\"elementor-section elementor-top-section elementor-element elementor-element-6e1d74be elementor-section-stretched elementor-section-boxed elementor-section-height-default elementor-section-height-default\" data-id=\"6e1d74be\" data-element_type=\"section\" data-e-type=\"section\" data-settings=\"{&quot;background_background&quot;:&quot;classic&quot;,&quot;stretch_section&quot;:&quot;section-stretched&quot;}\">\n\t\t\t\t\t\t<div class=\"elementor-container elementor-column-gap-default\">\n\t\t\t\t\t<div class=\"elementor-column elementor-col-100 elementor-top-column elementor-element elementor-element-7dd55ee7\" data-id=\"7dd55ee7\" data-element_type=\"column\" data-e-type=\"column\">\n\t\t\t<div class=\"elementor-widget-wrap elementor-element-populated\">\n\t\t\t\t\t\t<div class=\"elementor-element elementor-element-f441397 elementor-widget elementor-widget-heading\" data-id=\"f441397\" data-element_type=\"widget\" data-e-type=\"widget\" data-widget_type=\"heading.default\">\n\t\t\t\t<div class=\"elementor-widget-container\">\n\t\t\t\t\t<h2 class=\"elementor-heading-title elementor-size-large\">Leave us your information to communicate with you<\/h2>\t\t\t\t<\/div>\n\t\t\t\t<\/div>\n\t\t\t\t<div class=\"elementor-element elementor-element-3c04e1b elementor-widget elementor-widget-spacer\" data-id=\"3c04e1b\" data-element_type=\"widget\" data-e-type=\"widget\" data-widget_type=\"spacer.default\">\n\t\t\t\t<div class=\"elementor-widget-container\">\n\t\t\t\t\t\t\t<div class=\"elementor-spacer\">\n\t\t\t<div class=\"elementor-spacer-inner\"><\/div>\n\t\t<\/div>\n\t\t\t\t\t\t<\/div>\n\t\t\t\t<\/div>\n\t\t\t\t\t<\/div>\n\t\t<\/div>\n\t\t\t\t\t<\/div>\n\t\t<\/section>\n\t\t\t\t<section class=\"elementor-section elementor-top-section elementor-element elementor-element-975860b elementor-section-stretched elementor-section-boxed elementor-section-height-default elementor-section-height-default\" data-id=\"975860b\" data-element_type=\"section\" data-e-type=\"section\" data-settings=\"{&quot;stretch_section&quot;:&quot;section-stretched&quot;}\">\n\t\t\t\t\t\t<div class=\"elementor-container elementor-column-gap-default\">\n\t\t\t\t\t<div class=\"elementor-column elementor-col-100 elementor-top-column elementor-element elementor-element-ac039b1\" data-id=\"ac039b1\" data-element_type=\"column\" data-e-type=\"column\">\n\t\t\t<div class=\"elementor-widget-wrap\">\n\t\t\t\t\t\t\t<\/div>\n\t\t<\/div>\n\t\t\t\t\t<\/div>\n\t\t<\/section>\n\t\t\t\t<\/div>","protected":false},"excerpt":{"rendered":"<p>Bogot\u00e1: City Tour Panor\u00e1mico (B\u00e1sico) \u00abDisfrute un recorrido que enmarca 479 a\u00f1os de historia\u00bb \u00a0 Si le gustar\u00eda conocer m\u00e1s que el\u00a0centro hist\u00f3rico (Candelaria),\u00a0debes realizar nuestro recorrido panor\u00e1mico por la ciudad. Es una excelente opci\u00f3n, desde donde se pueden visitar diferentes \u00e1reas de la ciudad, como Usaqu\u00e9n, el parque de la 93, la Zona Rosa, [&hellip;]<\/p>\n","protected":false},"author":2,"featured_media":0,"parent":217,"menu_order":2,"comment_status":"closed","ping_status":"closed","template":"","meta":{"footnotes":""},"class_list":["post-7292","page","type-page","status-publish","hentry"],"yoast_head":"<!-- This site is optimized with the Yoast SEO plugin v27.4 - https:\/\/yoast.com\/product\/yoast-seo-wordpress\/ -->\n<title>Bogot\u00e1: City Tour Panor\u00e1mico (B\u00e1sico) - premiumimplantnetwork Implantes Dentales<\/title>\n<meta name=\"robots\" content=\"index, follow, max-snippet:-1, max-image-preview:large, max-video-preview:-1\" \/>\n<link rel=\"canonical\" href=\"https:\/\/premiumimplantnetwork.com\/en\/turismo-dental\/city-tour-panoramico-basico\/\" \/>\n<meta property=\"og:locale\" content=\"en_US\" \/>\n<meta property=\"og:type\" content=\"article\" \/>\n<meta property=\"og:title\" content=\"Bogot\u00e1: City Tour Panor\u00e1mico (B\u00e1sico) - premiumimplantnetwork Implantes Dentales\" \/>\n<meta property=\"og:description\" content=\"Bogot\u00e1: City Tour Panor\u00e1mico (B\u00e1sico) \u00abDisfrute un recorrido que enmarca 479 a\u00f1os de historia\u00bb \u00a0 Si le gustar\u00eda conocer m\u00e1s que el\u00a0centro hist\u00f3rico (Candelaria),\u00a0debes realizar nuestro recorrido panor\u00e1mico por la ciudad. Es una excelente opci\u00f3n, desde donde se pueden visitar diferentes \u00e1reas de la ciudad, como Usaqu\u00e9n, el parque de la 93, la Zona Rosa, [&hellip;]\" \/>\n<meta property=\"og:url\" content=\"https:\/\/premiumimplantnetwork.com\/en\/turismo-dental\/city-tour-panoramico-basico\/\" \/>\n<meta property=\"og:site_name\" content=\"premiumimplantnetwork Implantes Dentales\" \/>\n<meta property=\"article:publisher\" content=\"https:\/\/www.facebook.com\/PremiumImplantNetwork\/\" \/>\n<meta property=\"article:modified_time\" content=\"2022-01-22T23:27:00+00:00\" \/>\n<meta property=\"og:image\" content=\"https:\/\/premiumimplantnetwork.com\/wp-content\/uploads\/City-tour-Bogota-panoramico-Basico-495x400-1.jpg\" \/>\n<meta name=\"twitter:card\" content=\"summary_large_image\" \/>\n<meta name=\"twitter:label1\" content=\"Est. reading time\" \/>\n\t<meta name=\"twitter:data1\" content=\"2 minutes\" \/>\n<script type=\"application\/ld+json\" class=\"yoast-schema-graph\">{\"@context\":\"https:\\\/\\\/schema.org\",\"@graph\":[{\"@type\":\"WebPage\",\"@id\":\"https:\\\/\\\/premiumimplantnetwork.com\\\/turismo-dental\\\/city-tour-panoramico-basico\\\/\",\"url\":\"https:\\\/\\\/premiumimplantnetwork.com\\\/turismo-dental\\\/city-tour-panoramico-basico\\\/\",\"name\":\"Bogot\u00e1: City Tour Panor\u00e1mico (B\u00e1sico) - premiumimplantnetwork Implantes Dentales\",\"isPartOf\":{\"@id\":\"https:\\\/\\\/premiumimplantnetwork.com\\\/#website\"},\"primaryImageOfPage\":{\"@id\":\"https:\\\/\\\/premiumimplantnetwork.com\\\/turismo-dental\\\/city-tour-panoramico-basico\\\/#primaryimage\"},\"image\":{\"@id\":\"https:\\\/\\\/premiumimplantnetwork.com\\\/turismo-dental\\\/city-tour-panoramico-basico\\\/#primaryimage\"},\"thumbnailUrl\":\"https:\\\/\\\/premiumimplantnetwork.com\\\/wp-content\\\/uploads\\\/City-tour-Bogota-panoramico-Basico-495x400-1.jpg\",\"datePublished\":\"2020-01-30T01:54:30+00:00\",\"dateModified\":\"2022-01-22T23:27:00+00:00\",\"breadcrumb\":{\"@id\":\"https:\\\/\\\/premiumimplantnetwork.com\\\/turismo-dental\\\/city-tour-panoramico-basico\\\/#breadcrumb\"},\"inLanguage\":\"en-US\",\"potentialAction\":[{\"@type\":\"ReadAction\",\"target\":[\"https:\\\/\\\/premiumimplantnetwork.com\\\/turismo-dental\\\/city-tour-panoramico-basico\\\/\"]}]},{\"@type\":\"ImageObject\",\"inLanguage\":\"en-US\",\"@id\":\"https:\\\/\\\/premiumimplantnetwork.com\\\/turismo-dental\\\/city-tour-panoramico-basico\\\/#primaryimage\",\"url\":\"https:\\\/\\\/premiumimplantnetwork.com\\\/wp-content\\\/uploads\\\/City-tour-Bogota-panoramico-Basico-495x400-1.jpg\",\"contentUrl\":\"https:\\\/\\\/premiumimplantnetwork.com\\\/wp-content\\\/uploads\\\/City-tour-Bogota-panoramico-Basico-495x400-1.jpg\"},{\"@type\":\"BreadcrumbList\",\"@id\":\"https:\\\/\\\/premiumimplantnetwork.com\\\/turismo-dental\\\/city-tour-panoramico-basico\\\/#breadcrumb\",\"itemListElement\":[{\"@type\":\"ListItem\",\"position\":1,\"name\":\"Portada\",\"item\":\"https:\\\/\\\/premiumimplantnetwork.com\\\/\"},{\"@type\":\"ListItem\",\"position\":2,\"name\":\"Turismo Dental\",\"item\":\"https:\\\/\\\/premiumimplantnetwork.com\\\/turismo-dental\\\/\"},{\"@type\":\"ListItem\",\"position\":3,\"name\":\"Bogot\u00e1: City Tour Panor\u00e1mico (B\u00e1sico)\"}]},{\"@type\":\"WebSite\",\"@id\":\"https:\\\/\\\/premiumimplantnetwork.com\\\/#website\",\"url\":\"https:\\\/\\\/premiumimplantnetwork.com\\\/\",\"name\":\"premiumimplantnetwork Implantes Dentales\",\"description\":\"Somos Premium Implant Network - PIN, una red de expertos en implantes dentales en Bogot\u00e1, y otras ciudades de Colombia.\",\"publisher\":{\"@id\":\"https:\\\/\\\/premiumimplantnetwork.com\\\/#organization\"},\"potentialAction\":[{\"@type\":\"SearchAction\",\"target\":{\"@type\":\"EntryPoint\",\"urlTemplate\":\"https:\\\/\\\/premiumimplantnetwork.com\\\/?s={search_term_string}\"},\"query-input\":{\"@type\":\"PropertyValueSpecification\",\"valueRequired\":true,\"valueName\":\"search_term_string\"}}],\"inLanguage\":\"en-US\"},{\"@type\":\"Organization\",\"@id\":\"https:\\\/\\\/premiumimplantnetwork.com\\\/#organization\",\"name\":\"premiumimplantnetwork Implantes Dentales\",\"url\":\"https:\\\/\\\/premiumimplantnetwork.com\\\/\",\"logo\":{\"@type\":\"ImageObject\",\"inLanguage\":\"en-US\",\"@id\":\"https:\\\/\\\/premiumimplantnetwork.com\\\/#\\\/schema\\\/logo\\\/image\\\/\",\"url\":\"https:\\\/\\\/premiumimplantnetwork.com\\\/wp-content\\\/uploads\\\/cropped-Logo-premium-implant-network.jpg\",\"contentUrl\":\"https:\\\/\\\/premiumimplantnetwork.com\\\/wp-content\\\/uploads\\\/cropped-Logo-premium-implant-network.jpg\",\"width\":186,\"height\":86,\"caption\":\"premiumimplantnetwork Implantes Dentales\"},\"image\":{\"@id\":\"https:\\\/\\\/premiumimplantnetwork.com\\\/#\\\/schema\\\/logo\\\/image\\\/\"},\"sameAs\":[\"https:\\\/\\\/www.facebook.com\\\/PremiumImplantNetwork\\\/\"]}]}<\/script>\n<!-- \/ Yoast SEO plugin. -->","yoast_head_json":{"title":"Bogot\u00e1: City Tour Panor\u00e1mico (B\u00e1sico) - premiumimplantnetwork Implantes Dentales","robots":{"index":"index","follow":"follow","max-snippet":"max-snippet:-1","max-image-preview":"max-image-preview:large","max-video-preview":"max-video-preview:-1"},"canonical":"https:\/\/premiumimplantnetwork.com\/en\/turismo-dental\/city-tour-panoramico-basico\/","og_locale":"en_US","og_type":"article","og_title":"Bogot\u00e1: City Tour Panor\u00e1mico (B\u00e1sico) - premiumimplantnetwork Implantes Dentales","og_description":"Bogot\u00e1: City Tour Panor\u00e1mico (B\u00e1sico) \u00abDisfrute un recorrido que enmarca 479 a\u00f1os de historia\u00bb \u00a0 Si le gustar\u00eda conocer m\u00e1s que el\u00a0centro hist\u00f3rico (Candelaria),\u00a0debes realizar nuestro recorrido panor\u00e1mico por la ciudad. Es una excelente opci\u00f3n, desde donde se pueden visitar diferentes \u00e1reas de la ciudad, como Usaqu\u00e9n, el parque de la 93, la Zona Rosa, [&hellip;]","og_url":"https:\/\/premiumimplantnetwork.com\/en\/turismo-dental\/city-tour-panoramico-basico\/","og_site_name":"premiumimplantnetwork Implantes Dentales","article_publisher":"https:\/\/www.facebook.com\/PremiumImplantNetwork\/","article_modified_time":"2022-01-22T23:27:00+00:00","og_image":[{"url":"https:\/\/premiumimplantnetwork.com\/wp-content\/uploads\/City-tour-Bogota-panoramico-Basico-495x400-1.jpg","type":"","width":"","height":""}],"twitter_card":"summary_large_image","twitter_misc":{"Est. reading time":"2 minutes"},"schema":{"@context":"https:\/\/schema.org","@graph":[{"@type":"WebPage","@id":"https:\/\/premiumimplantnetwork.com\/turismo-dental\/city-tour-panoramico-basico\/","url":"https:\/\/premiumimplantnetwork.com\/turismo-dental\/city-tour-panoramico-basico\/","name":"Bogot\u00e1: City Tour Panor\u00e1mico (B\u00e1sico) - premiumimplantnetwork Implantes Dentales","isPartOf":{"@id":"https:\/\/premiumimplantnetwork.com\/#website"},"primaryImageOfPage":{"@id":"https:\/\/premiumimplantnetwork.com\/turismo-dental\/city-tour-panoramico-basico\/#primaryimage"},"image":{"@id":"https:\/\/premiumimplantnetwork.com\/turismo-dental\/city-tour-panoramico-basico\/#primaryimage"},"thumbnailUrl":"https:\/\/premiumimplantnetwork.com\/wp-content\/uploads\/City-tour-Bogota-panoramico-Basico-495x400-1.jpg","datePublished":"2020-01-30T01:54:30+00:00","dateModified":"2022-01-22T23:27:00+00:00","breadcrumb":{"@id":"https:\/\/premiumimplantnetwork.com\/turismo-dental\/city-tour-panoramico-basico\/#breadcrumb"},"inLanguage":"en-US","potentialAction":[{"@type":"ReadAction","target":["https:\/\/premiumimplantnetwork.com\/turismo-dental\/city-tour-panoramico-basico\/"]}]},{"@type":"ImageObject","inLanguage":"en-US","@id":"https:\/\/premiumimplantnetwork.com\/turismo-dental\/city-tour-panoramico-basico\/#primaryimage","url":"https:\/\/premiumimplantnetwork.com\/wp-content\/uploads\/City-tour-Bogota-panoramico-Basico-495x400-1.jpg","contentUrl":"https:\/\/premiumimplantnetwork.com\/wp-content\/uploads\/City-tour-Bogota-panoramico-Basico-495x400-1.jpg"},{"@type":"BreadcrumbList","@id":"https:\/\/premiumimplantnetwork.com\/turismo-dental\/city-tour-panoramico-basico\/#breadcrumb","itemListElement":[{"@type":"ListItem","position":1,"name":"Portada","item":"https:\/\/premiumimplantnetwork.com\/"},{"@type":"ListItem","position":2,"name":"Turismo Dental","item":"https:\/\/premiumimplantnetwork.com\/turismo-dental\/"},{"@type":"ListItem","position":3,"name":"Bogot\u00e1: City Tour Panor\u00e1mico (B\u00e1sico)"}]},{"@type":"WebSite","@id":"https:\/\/premiumimplantnetwork.com\/#website","url":"https:\/\/premiumimplantnetwork.com\/","name":"premiumimplantnetwork Dental Implants","description":"We are Premium Implant Network - PIN, a network of experts in dental implants in Bogot\u00e1, and other cities in Colombia.","publisher":{"@id":"https:\/\/premiumimplantnetwork.com\/#organization"},"potentialAction":[{"@type":"SearchAction","target":{"@type":"EntryPoint","urlTemplate":"https:\/\/premiumimplantnetwork.com\/?s={search_term_string}"},"query-input":{"@type":"PropertyValueSpecification","valueRequired":true,"valueName":"search_term_string"}}],"inLanguage":"en-US"},{"@type":"Organization","@id":"https:\/\/premiumimplantnetwork.com\/#organization","name":"premiumimplantnetwork Dental Implants","url":"https:\/\/premiumimplantnetwork.com\/","logo":{"@type":"ImageObject","inLanguage":"en-US","@id":"https:\/\/premiumimplantnetwork.com\/#\/schema\/logo\/image\/","url":"https:\/\/premiumimplantnetwork.com\/wp-content\/uploads\/cropped-Logo-premium-implant-network.jpg","contentUrl":"https:\/\/premiumimplantnetwork.com\/wp-content\/uploads\/cropped-Logo-premium-implant-network.jpg","width":186,"height":86,"caption":"premiumimplantnetwork Implantes Dentales"},"image":{"@id":"https:\/\/premiumimplantnetwork.com\/#\/schema\/logo\/image\/"},"sameAs":["https:\/\/www.facebook.com\/PremiumImplantNetwork\/"]}]}},"_links":{"self":[{"href":"https:\/\/premiumimplantnetwork.com\/en\/wp-json\/wp\/v2\/pages\/7292","targetHints":{"allow":["GET"]}}],"collection":[{"href":"https:\/\/premiumimplantnetwork.com\/en\/wp-json\/wp\/v2\/pages"}],"about":[{"href":"https:\/\/premiumimplantnetwork.com\/en\/wp-json\/wp\/v2\/types\/page"}],"author":[{"embeddable":true,"href":"https:\/\/premiumimplantnetwork.com\/en\/wp-json\/wp\/v2\/users\/2"}],"replies":[{"embeddable":true,"href":"https:\/\/premiumimplantnetwork.com\/en\/wp-json\/wp\/v2\/comments?post=7292"}],"version-history":[{"count":33,"href":"https:\/\/premiumimplantnetwork.com\/en\/wp-json\/wp\/v2\/pages\/7292\/revisions"}],"predecessor-version":[{"id":31572,"href":"https:\/\/premiumimplantnetwork.com\/en\/wp-json\/wp\/v2\/pages\/7292\/revisions\/31572"}],"up":[{"embeddable":true,"href":"https:\/\/premiumimplantnetwork.com\/en\/wp-json\/wp\/v2\/pages\/217"}],"wp:attachment":[{"href":"https:\/\/premiumimplantnetwork.com\/en\/wp-json\/wp\/v2\/media?parent=7292"}],"curies":[{"name":"wp","href":"https:\/\/api.w.org\/{rel}","templated":true}]}}