{"id":7340,"date":"2020-01-30T02:19:16","date_gmt":"2020-01-30T02:19:16","guid":{"rendered":"https:\/\/old.pinimplant.com\/turismo-dental\/cartagena-transporte-aeropuerto-hotel-aeropuerto-copy\/"},"modified":"2022-01-22T19:13:43","modified_gmt":"2022-01-23T00:13:43","slug":"medellin-traslado-aeropuerto-hotel-aeropuerto","status":"publish","type":"page","link":"https:\/\/premiumimplantnetwork.com\/en\/turismo-dental\/medellin-traslado-aeropuerto-hotel-aeropuerto\/","title":{"rendered":"Medellin: Transportation Airport Hotel Airport"},"content":{"rendered":"<div data-elementor-type=\"wp-page\" data-elementor-id=\"7340\" class=\"elementor elementor-7340\" data-elementor-post-type=\"page\">\n\t\t\t\t\t\t<section class=\"elementor-section elementor-top-section elementor-element elementor-element-66677ef2 elementor-section-stretched elementor-section-boxed elementor-section-height-default elementor-section-height-default\" data-id=\"66677ef2\" data-element_type=\"section\" data-e-type=\"section\" data-settings=\"{&quot;stretch_section&quot;:&quot;section-stretched&quot;}\">\n\t\t\t\t\t\t<div class=\"elementor-container elementor-column-gap-default\">\n\t\t\t\t\t<div class=\"elementor-column elementor-col-100 elementor-top-column elementor-element elementor-element-16907e70\" data-id=\"16907e70\" data-element_type=\"column\" data-e-type=\"column\">\n\t\t\t<div class=\"elementor-widget-wrap elementor-element-populated\">\n\t\t\t\t\t\t<div class=\"elementor-element elementor-element-9dabc73 elementor-widget elementor-widget-heading\" data-id=\"9dabc73\" data-element_type=\"widget\" data-e-type=\"widget\" data-widget_type=\"heading.default\">\n\t\t\t\t<div class=\"elementor-widget-container\">\n\t\t\t\t\t<h1 class=\"elementor-heading-title elementor-size-large\">Medell\u00edn: Transportation Airport - Hotel - Airport<\/h1>\t\t\t\t<\/div>\n\t\t\t\t<\/div>\n\t\t\t\t<div class=\"elementor-element elementor-element-5deeee7 elementor-widget elementor-widget-spacer\" data-id=\"5deeee7\" data-element_type=\"widget\" data-e-type=\"widget\" data-widget_type=\"spacer.default\">\n\t\t\t\t<div class=\"elementor-widget-container\">\n\t\t\t\t\t\t\t<div class=\"elementor-spacer\">\n\t\t\t<div class=\"elementor-spacer-inner\"><\/div>\n\t\t<\/div>\n\t\t\t\t\t\t<\/div>\n\t\t\t\t<\/div>\n\t\t\t\t\t<\/div>\n\t\t<\/div>\n\t\t\t\t\t<\/div>\n\t\t<\/section>\n\t\t\t\t<section class=\"elementor-section elementor-top-section elementor-element elementor-element-3a37ecc3 elementor-section-stretched elementor-section-boxed elementor-section-height-default elementor-section-height-default\" data-id=\"3a37ecc3\" data-element_type=\"section\" data-e-type=\"section\" data-settings=\"{&quot;stretch_section&quot;:&quot;section-stretched&quot;}\">\n\t\t\t\t\t\t<div class=\"elementor-container elementor-column-gap-default\">\n\t\t\t\t\t<div class=\"elementor-column elementor-col-50 elementor-top-column elementor-element elementor-element-17d4a152\" data-id=\"17d4a152\" data-element_type=\"column\" data-e-type=\"column\">\n\t\t\t<div class=\"elementor-widget-wrap elementor-element-populated\">\n\t\t\t\t\t\t<div class=\"elementor-element elementor-element-00423f6 elementor-widget elementor-widget-text-editor\" data-id=\"00423f6\" data-element_type=\"widget\" data-e-type=\"widget\" data-widget_type=\"text-editor.default\">\n\t\t\t\t<div class=\"elementor-widget-container\">\n\t\t\t\t\t\t\t\t\t<p style=\"margin: 0.85em 0px; padding: 0px; border: 0px #ebebeb; font-variant-numeric: inherit; font-variant-east-asian: inherit; font-stretch: inherit; line-height: inherit; font-family: 'open sans', HelveticaNeue, 'Helvetica Neue', Helvetica-Neue, Helvetica, Arial, sans-serif; vertical-align: baseline;\">It is a reliable and safe private service that is performed in special tourism vehicles. One of our drivers will be waiting for you at the departure of national or international arrivals with a notice with your name so you can identify it.<\/p><p>\u00a0<\/p><p style=\"margin: 0.85em 0px; padding: 0px; border: 0px #ebebeb; font-variant-numeric: inherit; font-variant-east-asian: inherit; font-stretch: inherit; line-height: inherit; font-family: 'open sans', HelveticaNeue, 'Helvetica Neue', Helvetica-Neue, Helvetica, Arial, sans-serif; vertical-align: baseline;\"><strong style=\"margin: 0px; padding: 0px; border: 0px #ebebeb; font-style: inherit; font-variant: inherit; font-weight: bold; font-stretch: inherit; font-size: inherit; line-height: inherit; font-family: inherit; vertical-align: baseline; color: inherit;\">Information needed to schedule the service:<\/strong>\u00a0Name, ID, Nationality, hotel address or place of collection, itinerary and a contact WhatsApp number, inform if you have any health requirements.<\/p>\t\t\t\t\t\t\t\t<\/div>\n\t\t\t\t<\/div>\n\t\t\t\t<div class=\"elementor-element elementor-element-916aaf0 elementor-widget elementor-widget-text-editor\" data-id=\"916aaf0\" data-element_type=\"widget\" data-e-type=\"widget\" data-widget_type=\"text-editor.default\">\n\t\t\t\t<div class=\"elementor-widget-container\">\n\t\t\t\t\t\t\t\t\t<p><strong>Time we will wait for the arrival of the client:<\/strong> 1 hour.<\/p><p>\u00a0<\/p><p><strong>Transfers from Jos\u00e9 Maria C\u00f3rdoba Airport (R\u00edonegro) each way<\/strong>:<\/p><p>Price per 4-passenger car = 42 USD each way (recommended for 1 or 2 people, maximum 3 with little luggage)<\/p><p>\u00a0<\/p><p><strong>Transfers from Enrique Olaya Herrera (Medell\u00edn) each way:<\/strong><\/p><p>Price per 4-passenger car = USD 25 each way (recommended for 1 or 2 people, maximum 3 with little luggage)<\/p>\t\t\t\t\t\t\t\t<\/div>\n\t\t\t\t<\/div>\n\t\t\t\t\t<\/div>\n\t\t<\/div>\n\t\t\t\t<div class=\"elementor-column elementor-col-50 elementor-top-column elementor-element elementor-element-3683423\" data-id=\"3683423\" data-element_type=\"column\" data-e-type=\"column\">\n\t\t\t<div class=\"elementor-widget-wrap elementor-element-populated\">\n\t\t\t\t\t\t<div class=\"elementor-element elementor-element-dea2013 elementor-widget elementor-widget-image\" data-id=\"dea2013\" data-element_type=\"widget\" data-e-type=\"widget\" data-widget_type=\"image.default\">\n\t\t\t\t<div class=\"elementor-widget-container\">\n\t\t\t\t\t\t\t\t\t\t\t\t\t\t\t<img fetchpriority=\"high\" decoding=\"async\" width=\"600\" height=\"600\" src=\"https:\/\/premiumimplantnetwork.com\/wp-content\/uploads\/Medellin-Aeropuerto-Hotel-Aeropuerto.png\" class=\"attachment-medium_large size-medium_large wp-image-30178\" alt=\"\" srcset=\"https:\/\/premiumimplantnetwork.com\/wp-content\/uploads\/Medellin-Aeropuerto-Hotel-Aeropuerto.png 600w, https:\/\/premiumimplantnetwork.com\/wp-content\/uploads\/Medellin-Aeropuerto-Hotel-Aeropuerto-300x300.png 300w, https:\/\/premiumimplantnetwork.com\/wp-content\/uploads\/Medellin-Aeropuerto-Hotel-Aeropuerto-150x150.png 150w\" sizes=\"(max-width: 600px) 100vw, 600px\" \/>\t\t\t\t\t\t\t\t\t\t\t\t\t\t\t<\/div>\n\t\t\t\t<\/div>\n\t\t\t\t\t<\/div>\n\t\t<\/div>\n\t\t\t\t\t<\/div>\n\t\t<\/section>\n\t\t\t\t<section class=\"elementor-section elementor-top-section elementor-element elementor-element-6e1d74be elementor-section-stretched elementor-section-boxed elementor-section-height-default elementor-section-height-default\" data-id=\"6e1d74be\" data-element_type=\"section\" data-e-type=\"section\" data-settings=\"{&quot;background_background&quot;:&quot;classic&quot;,&quot;stretch_section&quot;:&quot;section-stretched&quot;}\">\n\t\t\t\t\t\t<div class=\"elementor-container elementor-column-gap-default\">\n\t\t\t\t\t<div class=\"elementor-column elementor-col-100 elementor-top-column elementor-element elementor-element-7dd55ee7\" data-id=\"7dd55ee7\" data-element_type=\"column\" data-e-type=\"column\">\n\t\t\t<div class=\"elementor-widget-wrap elementor-element-populated\">\n\t\t\t\t\t\t<div class=\"elementor-element elementor-element-f441397 elementor-widget elementor-widget-heading\" data-id=\"f441397\" data-element_type=\"widget\" data-e-type=\"widget\" data-widget_type=\"heading.default\">\n\t\t\t\t<div class=\"elementor-widget-container\">\n\t\t\t\t\t<h2 class=\"elementor-heading-title elementor-size-large\">Leave us your information to communicate with you<\/h2>\t\t\t\t<\/div>\n\t\t\t\t<\/div>\n\t\t\t\t<div class=\"elementor-element elementor-element-3c04e1b elementor-widget elementor-widget-spacer\" data-id=\"3c04e1b\" data-element_type=\"widget\" data-e-type=\"widget\" data-widget_type=\"spacer.default\">\n\t\t\t\t<div class=\"elementor-widget-container\">\n\t\t\t\t\t\t\t<div class=\"elementor-spacer\">\n\t\t\t<div class=\"elementor-spacer-inner\"><\/div>\n\t\t<\/div>\n\t\t\t\t\t\t<\/div>\n\t\t\t\t<\/div>\n\t\t\t\t\t<\/div>\n\t\t<\/div>\n\t\t\t\t\t<\/div>\n\t\t<\/section>\n\t\t\t\t<section class=\"elementor-section elementor-top-section elementor-element elementor-element-975860b elementor-section-stretched elementor-section-boxed elementor-section-height-default elementor-section-height-default\" data-id=\"975860b\" data-element_type=\"section\" data-e-type=\"section\" data-settings=\"{&quot;stretch_section&quot;:&quot;section-stretched&quot;}\">\n\t\t\t\t\t\t<div class=\"elementor-container elementor-column-gap-default\">\n\t\t\t\t\t<div class=\"elementor-column elementor-col-100 elementor-top-column elementor-element elementor-element-ac039b1\" data-id=\"ac039b1\" data-element_type=\"column\" data-e-type=\"column\">\n\t\t\t<div class=\"elementor-widget-wrap elementor-element-populated\">\n\t\t\t\t\t\t<div class=\"elementor-element elementor-element-65b1cc0 elementor-widget elementor-widget-shortcode\" data-id=\"65b1cc0\" data-element_type=\"widget\" data-e-type=\"widget\" data-widget_type=\"shortcode.default\">\n\t\t\t\t<div class=\"elementor-widget-container\">\n\t\t\t\t\t\t\t<div class=\"elementor-shortcode\">\n<div class=\"wpcf7 no-js\" id=\"wpcf7-f31066-o1\" lang=\"es-ES\" dir=\"ltr\" data-wpcf7-id=\"31066\">\n<div class=\"screen-reader-response\"><p role=\"status\" aria-live=\"polite\" aria-atomic=\"true\"><\/p> <ul><\/ul><\/div>\n<form action=\"\/en\/wp-json\/wp\/v2\/pages\/7340#wpcf7-f31066-o1\" method=\"post\" class=\"wpcf7-form init\" aria-label=\"Formulario de contacto\" novalidate=\"novalidate\" data-status=\"init\" data-trp-original-action=\"\/en\/wp-json\/wp\/v2\/pages\/7340#wpcf7-f31066-o1\">\n<fieldset class=\"hidden-fields-container\"><input type=\"hidden\" name=\"_wpcf7\" value=\"31066\" \/><input type=\"hidden\" name=\"_wpcf7_version\" value=\"6.1.5\" \/><input type=\"hidden\" name=\"_wpcf7_locale\" value=\"es_ES\" \/><input type=\"hidden\" name=\"_wpcf7_unit_tag\" value=\"wpcf7-f31066-o1\" \/><input type=\"hidden\" name=\"_wpcf7_container_post\" value=\"0\" \/><input type=\"hidden\" name=\"_wpcf7_posted_data_hash\" value=\"\" \/>\n<\/fieldset>\n<p><label> Name \/ Name<br \/>\n<span class=\"wpcf7-form-control-wrap\" data-name=\"your-name\"><input size=\"40\" maxlength=\"400\" class=\"wpcf7-form-control wpcf7-text wpcf7-validates-as-required\" aria-required=\"true\" aria-invalid=\"false\" value=\"\" type=\"text\" name=\"your-name\" \/><\/span> <\/label>\n<\/p>\n<p><label> Pa\u00eds \/ Country<br \/>\n<span class=\"wpcf7-form-control-wrap\" data-name=\"pais\"><input size=\"40\" maxlength=\"400\" class=\"wpcf7-form-control wpcf7-text wpcf7-validates-as-required\" aria-required=\"true\" aria-invalid=\"false\" value=\"\" type=\"text\" name=\"pais\" \/><\/span><\/label><br \/>\n<label> Tel\u00e9fono \/ Phone<br \/>\n<span class=\"wpcf7-form-control-wrap\" data-name=\"telefono\"><input size=\"40\" maxlength=\"400\" class=\"wpcf7-form-control wpcf7-tel wpcf7-validates-as-required wpcf7-text wpcf7-validates-as-tel\" aria-required=\"true\" aria-invalid=\"false\" value=\"\" type=\"tel\" name=\"telefono\" \/><\/span><\/label>\n<\/p>\n<p><label> Email \/ E-mail<br \/>\n<span class=\"wpcf7-form-control-wrap\" data-name=\"your-email\"><input size=\"40\" maxlength=\"400\" class=\"wpcf7-form-control wpcf7-email wpcf7-validates-as-required wpcf7-text wpcf7-validates-as-email\" aria-required=\"true\" aria-invalid=\"false\" value=\"\" type=\"email\" name=\"your-email\" \/><\/span> <\/label>\n<\/p>\n<p><label> Message \/ Message<br \/>\n<span class=\"wpcf7-form-control-wrap\" data-name=\"your-message\"><textarea cols=\"40\" rows=\"10\" maxlength=\"2000\" class=\"wpcf7-form-control wpcf7-textarea\" aria-invalid=\"false\" name=\"your-message\"><\/textarea><\/span> <\/label>\n<\/p>\n<p><span class=\"wpcf7-form-control-wrap\" data-name=\"acceptance-78\"><span class=\"wpcf7-form-control wpcf7-acceptance\"><span class=\"wpcf7-list-item\"><label><input type=\"checkbox\" name=\"acceptance-78\" value=\"1\" aria-invalid=\"false\" \/><span class=\"wpcf7-list-item-label\">Al enviar acepto las Pol\u00edticas de Privacidad \/ By sending I accept the Privacy Policy<\/span><\/label><\/span><\/span><\/span>\n<\/p>\n<p><input class=\"wpcf7-form-control wpcf7-submit has-spinner\" type=\"submit\" value=\"Send\" \/>\n<\/p><div class=\"wpcf7-response-output\" aria-hidden=\"true\"><\/div>\n<input type=\"hidden\" name=\"trp-form-language\" value=\"en\"\/><\/form>\n<\/div>\n<\/div>\n\t\t\t\t\t\t<\/div>\n\t\t\t\t<\/div>\n\t\t\t\t\t<\/div>\n\t\t<\/div>\n\t\t\t\t\t<\/div>\n\t\t<\/section>\n\t\t\t\t<\/div>","protected":false},"excerpt":{"rendered":"<p>Medell\u00edn: Transporte Aeropuerto &#8211; Hotel &#8211; Aeropuerto Es un servicio privado confiable y seguro que se realiza en veh\u00edculos especiales de turismo. Uno de nuestros conductores te estar\u00e1 esperando en la salida de llegadas nacionales o internacionales con un aviso con tu nombre para que puedas identificarlo. \u00a0 Informaci\u00f3n necesaria para poder agendar el servicio:\u00a0Nombre, [&hellip;]<\/p>\n","protected":false},"author":2,"featured_media":0,"parent":217,"menu_order":9,"comment_status":"closed","ping_status":"closed","template":"","meta":{"footnotes":""},"class_list":["post-7340","page","type-page","status-publish","hentry"],"yoast_head":"<!-- This site is optimized with the Yoast SEO plugin v27.4 - https:\/\/yoast.com\/product\/yoast-seo-wordpress\/ -->\n<title>Medell\u00edn: Transporte Aeropuerto Hotel Aeropuerto - premiumimplantnetwork Implantes Dentales<\/title>\n<meta name=\"robots\" content=\"index, follow, max-snippet:-1, max-image-preview:large, max-video-preview:-1\" \/>\n<link rel=\"canonical\" href=\"https:\/\/premiumimplantnetwork.com\/en\/turismo-dental\/medellin-traslado-aeropuerto-hotel-aeropuerto\/\" \/>\n<meta property=\"og:locale\" content=\"en_US\" \/>\n<meta property=\"og:type\" content=\"article\" \/>\n<meta property=\"og:title\" content=\"Medell\u00edn: Transporte Aeropuerto Hotel Aeropuerto - premiumimplantnetwork Implantes Dentales\" \/>\n<meta property=\"og:description\" content=\"Medell\u00edn: Transporte Aeropuerto &#8211; Hotel &#8211; Aeropuerto Es un servicio privado confiable y seguro que se realiza en veh\u00edculos especiales de turismo. Uno de nuestros conductores te estar\u00e1 esperando en la salida de llegadas nacionales o internacionales con un aviso con tu nombre para que puedas identificarlo. \u00a0 Informaci\u00f3n necesaria para poder agendar el servicio:\u00a0Nombre, [&hellip;]\" \/>\n<meta property=\"og:url\" content=\"https:\/\/premiumimplantnetwork.com\/en\/turismo-dental\/medellin-traslado-aeropuerto-hotel-aeropuerto\/\" \/>\n<meta property=\"og:site_name\" content=\"premiumimplantnetwork Implantes Dentales\" \/>\n<meta property=\"article:publisher\" content=\"https:\/\/www.facebook.com\/PremiumImplantNetwork\/\" \/>\n<meta property=\"article:modified_time\" content=\"2022-01-23T00:13:43+00:00\" \/>\n<meta property=\"og:image\" content=\"https:\/\/premiumimplantnetwork.com\/wp-content\/uploads\/Medellin-Aeropuerto-Hotel-Aeropuerto.png\" \/>\n<meta name=\"twitter:card\" content=\"summary_large_image\" \/>\n<meta name=\"twitter:label1\" content=\"Est. reading time\" \/>\n\t<meta name=\"twitter:data1\" content=\"2 minutes\" \/>\n<script type=\"application\/ld+json\" class=\"yoast-schema-graph\">{\"@context\":\"https:\\\/\\\/schema.org\",\"@graph\":[{\"@type\":\"WebPage\",\"@id\":\"https:\\\/\\\/premiumimplantnetwork.com\\\/turismo-dental\\\/medellin-traslado-aeropuerto-hotel-aeropuerto\\\/\",\"url\":\"https:\\\/\\\/premiumimplantnetwork.com\\\/turismo-dental\\\/medellin-traslado-aeropuerto-hotel-aeropuerto\\\/\",\"name\":\"Medell\u00edn: Transporte Aeropuerto Hotel Aeropuerto - premiumimplantnetwork Implantes Dentales\",\"isPartOf\":{\"@id\":\"https:\\\/\\\/premiumimplantnetwork.com\\\/#website\"},\"primaryImageOfPage\":{\"@id\":\"https:\\\/\\\/premiumimplantnetwork.com\\\/turismo-dental\\\/medellin-traslado-aeropuerto-hotel-aeropuerto\\\/#primaryimage\"},\"image\":{\"@id\":\"https:\\\/\\\/premiumimplantnetwork.com\\\/turismo-dental\\\/medellin-traslado-aeropuerto-hotel-aeropuerto\\\/#primaryimage\"},\"thumbnailUrl\":\"https:\\\/\\\/premiumimplantnetwork.com\\\/wp-content\\\/uploads\\\/Medellin-Aeropuerto-Hotel-Aeropuerto.png\",\"datePublished\":\"2020-01-30T02:19:16+00:00\",\"dateModified\":\"2022-01-23T00:13:43+00:00\",\"breadcrumb\":{\"@id\":\"https:\\\/\\\/premiumimplantnetwork.com\\\/turismo-dental\\\/medellin-traslado-aeropuerto-hotel-aeropuerto\\\/#breadcrumb\"},\"inLanguage\":\"en-US\",\"potentialAction\":[{\"@type\":\"ReadAction\",\"target\":[\"https:\\\/\\\/premiumimplantnetwork.com\\\/turismo-dental\\\/medellin-traslado-aeropuerto-hotel-aeropuerto\\\/\"]}]},{\"@type\":\"ImageObject\",\"inLanguage\":\"en-US\",\"@id\":\"https:\\\/\\\/premiumimplantnetwork.com\\\/turismo-dental\\\/medellin-traslado-aeropuerto-hotel-aeropuerto\\\/#primaryimage\",\"url\":\"https:\\\/\\\/premiumimplantnetwork.com\\\/wp-content\\\/uploads\\\/Medellin-Aeropuerto-Hotel-Aeropuerto.png\",\"contentUrl\":\"https:\\\/\\\/premiumimplantnetwork.com\\\/wp-content\\\/uploads\\\/Medellin-Aeropuerto-Hotel-Aeropuerto.png\"},{\"@type\":\"BreadcrumbList\",\"@id\":\"https:\\\/\\\/premiumimplantnetwork.com\\\/turismo-dental\\\/medellin-traslado-aeropuerto-hotel-aeropuerto\\\/#breadcrumb\",\"itemListElement\":[{\"@type\":\"ListItem\",\"position\":1,\"name\":\"Portada\",\"item\":\"https:\\\/\\\/premiumimplantnetwork.com\\\/\"},{\"@type\":\"ListItem\",\"position\":2,\"name\":\"Turismo Dental\",\"item\":\"https:\\\/\\\/premiumimplantnetwork.com\\\/turismo-dental\\\/\"},{\"@type\":\"ListItem\",\"position\":3,\"name\":\"Medell\u00edn: Transporte Aeropuerto Hotel Aeropuerto\"}]},{\"@type\":\"WebSite\",\"@id\":\"https:\\\/\\\/premiumimplantnetwork.com\\\/#website\",\"url\":\"https:\\\/\\\/premiumimplantnetwork.com\\\/\",\"name\":\"premiumimplantnetwork Implantes Dentales\",\"description\":\"Somos Premium Implant Network - PIN, una red de expertos en implantes dentales en Bogot\u00e1, y otras ciudades de Colombia.\",\"publisher\":{\"@id\":\"https:\\\/\\\/premiumimplantnetwork.com\\\/#organization\"},\"potentialAction\":[{\"@type\":\"SearchAction\",\"target\":{\"@type\":\"EntryPoint\",\"urlTemplate\":\"https:\\\/\\\/premiumimplantnetwork.com\\\/?s={search_term_string}\"},\"query-input\":{\"@type\":\"PropertyValueSpecification\",\"valueRequired\":true,\"valueName\":\"search_term_string\"}}],\"inLanguage\":\"en-US\"},{\"@type\":\"Organization\",\"@id\":\"https:\\\/\\\/premiumimplantnetwork.com\\\/#organization\",\"name\":\"premiumimplantnetwork Implantes Dentales\",\"url\":\"https:\\\/\\\/premiumimplantnetwork.com\\\/\",\"logo\":{\"@type\":\"ImageObject\",\"inLanguage\":\"en-US\",\"@id\":\"https:\\\/\\\/premiumimplantnetwork.com\\\/#\\\/schema\\\/logo\\\/image\\\/\",\"url\":\"https:\\\/\\\/premiumimplantnetwork.com\\\/wp-content\\\/uploads\\\/cropped-Logo-premium-implant-network.jpg\",\"contentUrl\":\"https:\\\/\\\/premiumimplantnetwork.com\\\/wp-content\\\/uploads\\\/cropped-Logo-premium-implant-network.jpg\",\"width\":186,\"height\":86,\"caption\":\"premiumimplantnetwork Implantes Dentales\"},\"image\":{\"@id\":\"https:\\\/\\\/premiumimplantnetwork.com\\\/#\\\/schema\\\/logo\\\/image\\\/\"},\"sameAs\":[\"https:\\\/\\\/www.facebook.com\\\/PremiumImplantNetwork\\\/\"]}]}<\/script>\n<!-- \/ Yoast SEO plugin. -->","yoast_head_json":{"title":"Medell\u00edn: Transporte Aeropuerto Hotel Aeropuerto - premiumimplantnetwork Implantes Dentales","robots":{"index":"index","follow":"follow","max-snippet":"max-snippet:-1","max-image-preview":"max-image-preview:large","max-video-preview":"max-video-preview:-1"},"canonical":"https:\/\/premiumimplantnetwork.com\/en\/turismo-dental\/medellin-traslado-aeropuerto-hotel-aeropuerto\/","og_locale":"en_US","og_type":"article","og_title":"Medell\u00edn: Transporte Aeropuerto Hotel Aeropuerto - premiumimplantnetwork Implantes Dentales","og_description":"Medell\u00edn: Transporte Aeropuerto &#8211; Hotel &#8211; Aeropuerto Es un servicio privado confiable y seguro que se realiza en veh\u00edculos especiales de turismo. Uno de nuestros conductores te estar\u00e1 esperando en la salida de llegadas nacionales o internacionales con un aviso con tu nombre para que puedas identificarlo. \u00a0 Informaci\u00f3n necesaria para poder agendar el servicio:\u00a0Nombre, [&hellip;]","og_url":"https:\/\/premiumimplantnetwork.com\/en\/turismo-dental\/medellin-traslado-aeropuerto-hotel-aeropuerto\/","og_site_name":"premiumimplantnetwork Implantes Dentales","article_publisher":"https:\/\/www.facebook.com\/PremiumImplantNetwork\/","article_modified_time":"2022-01-23T00:13:43+00:00","og_image":[{"url":"https:\/\/premiumimplantnetwork.com\/wp-content\/uploads\/Medellin-Aeropuerto-Hotel-Aeropuerto.png","type":"","width":"","height":""}],"twitter_card":"summary_large_image","twitter_misc":{"Est. reading time":"2 minutes"},"schema":{"@context":"https:\/\/schema.org","@graph":[{"@type":"WebPage","@id":"https:\/\/premiumimplantnetwork.com\/turismo-dental\/medellin-traslado-aeropuerto-hotel-aeropuerto\/","url":"https:\/\/premiumimplantnetwork.com\/turismo-dental\/medellin-traslado-aeropuerto-hotel-aeropuerto\/","name":"Medell\u00edn: Transporte Aeropuerto Hotel Aeropuerto - premiumimplantnetwork Implantes Dentales","isPartOf":{"@id":"https:\/\/premiumimplantnetwork.com\/#website"},"primaryImageOfPage":{"@id":"https:\/\/premiumimplantnetwork.com\/turismo-dental\/medellin-traslado-aeropuerto-hotel-aeropuerto\/#primaryimage"},"image":{"@id":"https:\/\/premiumimplantnetwork.com\/turismo-dental\/medellin-traslado-aeropuerto-hotel-aeropuerto\/#primaryimage"},"thumbnailUrl":"https:\/\/premiumimplantnetwork.com\/wp-content\/uploads\/Medellin-Aeropuerto-Hotel-Aeropuerto.png","datePublished":"2020-01-30T02:19:16+00:00","dateModified":"2022-01-23T00:13:43+00:00","breadcrumb":{"@id":"https:\/\/premiumimplantnetwork.com\/turismo-dental\/medellin-traslado-aeropuerto-hotel-aeropuerto\/#breadcrumb"},"inLanguage":"en-US","potentialAction":[{"@type":"ReadAction","target":["https:\/\/premiumimplantnetwork.com\/turismo-dental\/medellin-traslado-aeropuerto-hotel-aeropuerto\/"]}]},{"@type":"ImageObject","inLanguage":"en-US","@id":"https:\/\/premiumimplantnetwork.com\/turismo-dental\/medellin-traslado-aeropuerto-hotel-aeropuerto\/#primaryimage","url":"https:\/\/premiumimplantnetwork.com\/wp-content\/uploads\/Medellin-Aeropuerto-Hotel-Aeropuerto.png","contentUrl":"https:\/\/premiumimplantnetwork.com\/wp-content\/uploads\/Medellin-Aeropuerto-Hotel-Aeropuerto.png"},{"@type":"BreadcrumbList","@id":"https:\/\/premiumimplantnetwork.com\/turismo-dental\/medellin-traslado-aeropuerto-hotel-aeropuerto\/#breadcrumb","itemListElement":[{"@type":"ListItem","position":1,"name":"Portada","item":"https:\/\/premiumimplantnetwork.com\/"},{"@type":"ListItem","position":2,"name":"Turismo Dental","item":"https:\/\/premiumimplantnetwork.com\/turismo-dental\/"},{"@type":"ListItem","position":3,"name":"Medell\u00edn: Transporte Aeropuerto Hotel Aeropuerto"}]},{"@type":"WebSite","@id":"https:\/\/premiumimplantnetwork.com\/#website","url":"https:\/\/premiumimplantnetwork.com\/","name":"premiumimplantnetwork Dental Implants","description":"We are Premium Implant Network - PIN, a network of experts in dental implants in Bogot\u00e1, and other cities in Colombia.","publisher":{"@id":"https:\/\/premiumimplantnetwork.com\/#organization"},"potentialAction":[{"@type":"SearchAction","target":{"@type":"EntryPoint","urlTemplate":"https:\/\/premiumimplantnetwork.com\/?s={search_term_string}"},"query-input":{"@type":"PropertyValueSpecification","valueRequired":true,"valueName":"search_term_string"}}],"inLanguage":"en-US"},{"@type":"Organization","@id":"https:\/\/premiumimplantnetwork.com\/#organization","name":"premiumimplantnetwork Dental Implants","url":"https:\/\/premiumimplantnetwork.com\/","logo":{"@type":"ImageObject","inLanguage":"en-US","@id":"https:\/\/premiumimplantnetwork.com\/#\/schema\/logo\/image\/","url":"https:\/\/premiumimplantnetwork.com\/wp-content\/uploads\/cropped-Logo-premium-implant-network.jpg","contentUrl":"https:\/\/premiumimplantnetwork.com\/wp-content\/uploads\/cropped-Logo-premium-implant-network.jpg","width":186,"height":86,"caption":"premiumimplantnetwork Implantes Dentales"},"image":{"@id":"https:\/\/premiumimplantnetwork.com\/#\/schema\/logo\/image\/"},"sameAs":["https:\/\/www.facebook.com\/PremiumImplantNetwork\/"]}]}},"_links":{"self":[{"href":"https:\/\/premiumimplantnetwork.com\/en\/wp-json\/wp\/v2\/pages\/7340","targetHints":{"allow":["GET"]}}],"collection":[{"href":"https:\/\/premiumimplantnetwork.com\/en\/wp-json\/wp\/v2\/pages"}],"about":[{"href":"https:\/\/premiumimplantnetwork.com\/en\/wp-json\/wp\/v2\/types\/page"}],"author":[{"embeddable":true,"href":"https:\/\/premiumimplantnetwork.com\/en\/wp-json\/wp\/v2\/users\/2"}],"replies":[{"embeddable":true,"href":"https:\/\/premiumimplantnetwork.com\/en\/wp-json\/wp\/v2\/comments?post=7340"}],"version-history":[{"count":13,"href":"https:\/\/premiumimplantnetwork.com\/en\/wp-json\/wp\/v2\/pages\/7340\/revisions"}],"predecessor-version":[{"id":31611,"href":"https:\/\/premiumimplantnetwork.com\/en\/wp-json\/wp\/v2\/pages\/7340\/revisions\/31611"}],"up":[{"embeddable":true,"href":"https:\/\/premiumimplantnetwork.com\/en\/wp-json\/wp\/v2\/pages\/217"}],"wp:attachment":[{"href":"https:\/\/premiumimplantnetwork.com\/en\/wp-json\/wp\/v2\/media?parent=7340"}],"curies":[{"name":"wp","href":"https:\/\/api.w.org\/{rel}","templated":true}]}}